{"id":431,"date":"2015-10-29T15:20:43","date_gmt":"2015-10-29T15:20:43","guid":{"rendered":"http:\/\/chandelier.elated-themes.com\/?page_id=431"},"modified":"2015-10-29T15:20:43","modified_gmt":"2015-10-29T15:20:43","slug":"light","status":"publish","type":"page","link":"https:\/\/daphnejewellery.com\/tr\/light\/","title":{"rendered":"Light"},"content":{"rendered":"<section class=\"wpb-content-wrapper\"><div data-eltd-parallax-speed=\"1\" class=\"vc_row wpb_row vc_row-fluid eltd-section eltd-content-aligment-left eltd-grid-section\" style=\"\"><div class=\"clearfix eltd-section-inner\"><div class=\"eltd-section-inner-margin clearfix\">Sorry, no posts matched your criteria.<div class=\"wpb_column vc_column_container vc_col-sm-12\"><div class=\"vc_column-inner\"><div class=\"wpb_wrapper\"><div class=\"vc_empty_space\"   style=\"height: 22px\"><span class=\"vc_empty_space_inner\"><\/span><\/div><div class=\"eltd-section-title-outer-holder animate\" style=\"text-align: center\">\n\t<div class=\"eltd-section-title-subtitle-holder\">\n\t\t<h3 class=\"eltd-section-subtitle\" style=\";\">Finished<\/h3>\n\t<\/div>\n\t<div class=\"eltd-section-title-holder\">\n\t\t<h2 class=\"eltd-section-title\" style=\";\">Our Best Projects<\/h2>\n\t<\/div>\n<\/div><div class=\"vc_empty_space\"   style=\"height: 44px\"><span class=\"vc_empty_space_inner\"><\/span><\/div><div class = \"eltd-ptf-list-wrapper eltd-ptf-standard-with-space eltd-ptf-two-columns zoom-out-with-shader\" data-next-page= \"2\" data-type= \"standard_with_space\" data-columns= \"two\" data-grid-size= \"three\" data-order-by= \"date\" data-order= \"DESC\" data-number= \"2\" data-image-size= \"square\" data-filter= \"no\" data-filter-order-by= \"name\" data-category= \"Flower\" data-show-load-more= \"no\" data-title-tag= \"h5\" data-hide-category= \"yes\" data-max-num-pages = \"0\"><div class = \"eltd-ptf-list-holder clearfix\" ><p><\/p><div class='eltd-gap'><\/div>\n<\/div><\/div><\/div><\/div><\/div><\/div><\/div><\/div><div data-eltd-parallax-speed=\"0.8\" class=\"vc_row wpb_row vc_row-fluid eltd-section eltd-content-aligment-left eltd-parallax-section-holder eltd-parallax-section-holder-touch-disabled eltd-grid-section\" style=\"background-image:url();min-height:373px;height:auto;\"><div class=\"eltd-parallax-section-inner\"><div class=\"clearfix eltd-section-inner\"><div class=\"eltd-section-inner-margin clearfix\"><div class=\"wpb_column vc_column_container vc_col-sm-12\"><div class=\"vc_column-inner\"><div class=\"wpb_wrapper\"><div class=\"vc_empty_space\"   style=\"height: 100px\"><span class=\"vc_empty_space_inner\"><\/span><\/div><div class=\"eltd-testimonials-holder clearfix\"><div class=\"eltd-testimonials\" ><div id=\"eltd-testimonials218\" class=\"eltd-testimonial-content eltd-testimonials-with-image\">\n\t\t\t<div class=\"eltd-testimonial-image-holder\">\n\t\t\t<img loading=\"lazy\" decoding=\"async\" width=\"174\" height=\"175\" src=\"https:\/\/daphnejewellery.com\/wp-content\/uploads\/2015\/10\/testimonial-image1.jpg\" class=\"attachment-218 size-218 wp-post-image\" alt=\"a\" srcset=\"https:\/\/daphnejewellery.com\/wp-content\/uploads\/2015\/10\/testimonial-image1.jpg 174w, https:\/\/daphnejewellery.com\/wp-content\/uploads\/2015\/10\/testimonial-image1-100x100.jpg 100w, https:\/\/daphnejewellery.com\/wp-content\/uploads\/2015\/10\/testimonial-image1-150x150.jpg 150w\" sizes=\"auto, (max-width: 174px) 100vw, 174px\" \/>\t\t<\/div>\n\t\t<div class=\"eltd-testimonial-content-inner\">\n\t\t<div class=\"eltd-testimonial-text-holder\">\n\t\t\t<div class=\"eltd-testimonial-icon-holder\">\n\t\t\t\t\n    <span class=\"eltd-icon-shortcode normal\"  >\n        \n        <span aria-hidden=\"true\" class=\"eltd-icon-font-elegant icon_quotations eltd-icon-element\" style=\"\" ><\/span>\n            <\/span>\n\n\t\t\t<\/div>\n\t\t\t<div class=\"eltd-testimonial-text-inner\">\n\t\t\t\t\t\t\t\t<p class=\"eltd-testimonial-text\">\u00dcr\u00fcnler ger\u00e7ekten \u00e7ok kaliteli ve hizmet \u00e7ok iyi.<\/p>\n\t\t\t\t\t\t\t\t\t<div class = \"eltd-testimonial-author\">\n\t\t\t\t\t\t<p class=\"eltd-testimonial-author-text\">M\u00fc\u015fteri\t\t\t\t\t\t\t\t\t\t\t\t\t\t\t- <a href=\"http:\/\/wwww.daphnejewellery.com%20en%20g\u00fcncel%20\u00fcr\u00fcnler\" target=\"_blank\" class=\"eltd-testimonials-website\">wwww.daphnejewellery.com en g\u00fcncel \u00fcr\u00fcnler<\/a>\n\t\t\t\t\t\t\t\t\t\t\t\t\t\t\t\t\t\t\t\t<\/p>\n\t\t\t\t\t<\/div>\n\t\t\t\t\t\t\t<\/div>\n\t\t<\/div>\n\t<\/div>\n<\/div><div id=\"eltd-testimonials251\" class=\"eltd-testimonial-content eltd-testimonials-with-image\">\n\t\t\t<div class=\"eltd-testimonial-image-holder\">\n\t\t\t<img loading=\"lazy\" decoding=\"async\" width=\"174\" height=\"175\" src=\"https:\/\/daphnejewellery.com\/wp-content\/uploads\/2015\/10\/testimonial-image2.jpg\" class=\"attachment-251 size-251 wp-post-image\" alt=\"a\" srcset=\"https:\/\/daphnejewellery.com\/wp-content\/uploads\/2015\/10\/testimonial-image2.jpg 174w, https:\/\/daphnejewellery.com\/wp-content\/uploads\/2015\/10\/testimonial-image2-100x100.jpg 100w, https:\/\/daphnejewellery.com\/wp-content\/uploads\/2015\/10\/testimonial-image2-150x150.jpg 150w\" sizes=\"auto, (max-width: 174px) 100vw, 174px\" \/>\t\t<\/div>\n\t\t<div class=\"eltd-testimonial-content-inner\">\n\t\t<div class=\"eltd-testimonial-text-holder\">\n\t\t\t<div class=\"eltd-testimonial-icon-holder\">\n\t\t\t\t\n    <span class=\"eltd-icon-shortcode normal\"  >\n        \n        <span aria-hidden=\"true\" class=\"eltd-icon-font-elegant icon_quotations eltd-icon-element\" style=\"\" ><\/span>\n            <\/span>\n\n\t\t\t<\/div>\n\t\t\t<div class=\"eltd-testimonial-text-inner\">\n\t\t\t\t\t\t\t\t<p class=\"eltd-testimonial-text\">Etsy \u00fczerinden ald\u0131\u011f\u0131m \u00fcr\u00fcnler ger\u00e7ekten \u00e7ok iyi kargo konusunda madur olmad\u0131m.<\/p>\n\t\t\t\t\t\t\t\t\t<div class = \"eltd-testimonial-author\">\n\t\t\t\t\t\t<p class=\"eltd-testimonial-author-text\">M\u00fc\u015fteri\t\t\t\t\t\t\t\t\t\t\t\t\t\t\t- <a href=\"\" target=\"_blank\" class=\"eltd-testimonials-website\">Mutlu \ud83d\ude42<\/a>\n\t\t\t\t\t\t\t\t\t\t\t\t\t\t\t\t\t\t\t\t<\/p>\n\t\t\t\t\t<\/div>\n\t\t\t\t\t\t\t<\/div>\n\t\t<\/div>\n\t<\/div>\n<\/div><\/div><\/div><div class=\"vc_empty_space\"   style=\"height: 40px\"><span class=\"vc_empty_space_inner\"><\/span><\/div><\/div><\/div><\/div><\/div><\/div><\/div><\/div><div data-eltd-parallax-speed=\"1\" class=\"vc_row wpb_row vc_row-fluid eltd-section eltd-content-aligment-left eltd-grid-section\" style=\"\"><div class=\"clearfix eltd-section-inner\"><div class=\"eltd-section-inner-margin clearfix\"><div class=\"wpb_column vc_column_container vc_col-sm-12\"><div class=\"vc_column-inner\"><div class=\"wpb_wrapper\"><div class=\"vc_empty_space\"   style=\"height: 60px\"><span class=\"vc_empty_space_inner\"><\/span><\/div><div class=\"eltd-section-title-outer-holder animate\" style=\"text-align: center\">\n\t<div class=\"eltd-section-title-subtitle-holder\">\n\t\t<h3 class=\"eltd-section-subtitle\" style=\";\">Size<\/h3>\n\t<\/div>\n\t<div class=\"eltd-section-title-holder\">\n\t\t<h2 class=\"eltd-section-title\" style=\";\">Beauty Things<\/h2>\n\t<\/div>\n<\/div><div class=\"vc_empty_space\"   style=\"height: 43px\"><span class=\"vc_empty_space_inner\"><\/span><\/div><div class=\"eltd-cover-boxes-holder eltd-cover-three-columns\">\n\t<ul class=\"clearfix\">\n\t\t<li class = \"eltd-cover-boxes-item\">\n\t<div class=\"eltd-cover-box clearfix\">\n\t\t<div class=\"eltd-cover-thumb\" style=\"background-image: url()\">\n\t\t<\/div>\n\t\t<div class=\"eltd-cover-box-content\">\n\t\t\t<h6 class=\"eltd-cover-box-title\">\n\t\t\t\tPowerful Elated Settings\t\t\t<\/h6>\n\t\t\t<p class=\"eltd-cover-box-text\">\n\t\t\t\tLorem ipsum dolor sit amet, feugiat delicata liberavisse id cum, no quo maiorum intellegebat, liber regione eu sit. Mea cu case ludus integre, vide viderer eleifend ex mea. His ay diceret, cum et atqui placerat. Lorem ipsum dolor sit amet, feugiat delicata liberavisse id cum, no quo maiorum intellegebat.\t\t\t<\/p>\n\t\t\t\t\t\t\t<a href=\"#\" target=\"_self\"  class=\"eltd-btn eltd-btn-medium eltd-btn-transparent eltd-btn-icon\"  >    <span class=\"eltd-btn-text\">Daha Fazla<\/span>    <span aria-hidden=\"true\" class=\"eltd-icon-font-elegant arrow_right\" ><\/span><\/a>\t\t\t\t\t<\/div>\t\n\t<\/div>\t\n<\/li><li class = \"eltd-cover-boxes-item\">\n\t<div class=\"eltd-cover-box clearfix\">\n\t\t<div class=\"eltd-cover-thumb\" style=\"background-image: url()\">\n\t\t<\/div>\n\t\t<div class=\"eltd-cover-box-content\">\n\t\t\t<h6 class=\"eltd-cover-box-title\">\n\t\t\t\tBeautiful Blog Layouts\t\t\t<\/h6>\n\t\t\t<p class=\"eltd-cover-box-text\">\n\t\t\t\tLorem ipsum dolor sit amet, feugiat delicata liberavisse id cum, no quo maiorum intellegebat, liber regione eu sit. Mea cu case ludus integre, vide viderer eleifend ex mea. His ay diceret, cum et atqui placerat. Lorem ipsum dolor sit amet, feugiat delicata liberavisse id cum, no quo maiorum intellegebat.\t\t\t<\/p>\n\t\t\t\t\t\t\t<a href=\"#\" target=\"_self\"  class=\"eltd-btn eltd-btn-medium eltd-btn-transparent eltd-btn-icon\"  >    <span class=\"eltd-btn-text\">Daha Fazla<\/span>    <span aria-hidden=\"true\" class=\"eltd-icon-font-elegant arrow_right\" ><\/span><\/a>\t\t\t\t\t<\/div>\t\n\t<\/div>\t\n<\/li><li class = \"eltd-cover-boxes-item\">\n\t<div class=\"eltd-cover-box clearfix\">\n\t\t<div class=\"eltd-cover-thumb\" style=\"background-image: url()\">\n\t\t<\/div>\n\t\t<div class=\"eltd-cover-box-content\">\n\t\t\t<h6 class=\"eltd-cover-box-title\">\n\t\t\t\tTons of Cool Shortcodes\t\t\t<\/h6>\n\t\t\t<p class=\"eltd-cover-box-text\">\n\t\t\t\tLorem ipsum dolor sit amet, feugiat delicata liberavisse id cum, no quo maiorum intellegebat, liber regione eu sit. Mea cu case ludus integre, vide viderer eleifend ex mea. His ay diceret, cum et atqui placerat. Lorem ipsum dolor sit amet, feugiat delicata liberavisse id cum, no quo maiorum intellegebat.\t\t\t<\/p>\n\t\t\t\t\t\t\t<a href=\"#\" target=\"_self\"  class=\"eltd-btn eltd-btn-medium eltd-btn-transparent eltd-btn-icon\"  >    <span class=\"eltd-btn-text\">Daha Fazla<\/span>    <span aria-hidden=\"true\" class=\"eltd-icon-font-elegant arrow_right\" ><\/span><\/a>\t\t\t\t\t<\/div>\t\n\t<\/div>\t\n<\/li>\t<\/ul>\n<\/div><div class=\"vc_empty_space\"   style=\"height: 100px\"><span class=\"vc_empty_space_inner\"><\/span><\/div><\/div><\/div><\/div><\/div><\/div><\/div><div data-eltd-parallax-speed=\"0.8\" class=\"vc_row wpb_row vc_row-fluid eltd-section eltd-content-aligment-center eltd-parallax-section-holder eltd-parallax-section-holder-touch-disabled eltd-grid-section\" style=\"background-image:url();min-height:360px;height:auto;\"><div class=\"eltd-parallax-section-inner\"><div class=\"clearfix eltd-section-inner\"><div class=\"eltd-section-inner-margin clearfix\"><div class=\"wpb_column vc_column_container vc_col-sm-3\"><div class=\"vc_column-inner\"><div class=\"wpb_wrapper\"><div class=\"vc_empty_space\"   style=\"height: 50px\"><span class=\"vc_empty_space_inner\"><\/span><\/div><div class=\"eltd-counter-holder center dark\" >\n\t<div class=\"eltd-counter-icon-holder\">\n\t\t<div class=\"eltd-counter-icon-holder-inner\">\n\t\t\t\n    <span class=\"eltd-icon-shortcode normal\"  >\n        \n        <span aria-hidden=\"true\" class=\"eltd-icon-font-elegant icon_mug eltd-icon-element\" style=\"font-size:23px\" ><\/span>\n            <\/span>\n\n\t\t<\/div>\n\t\t<span class=\"eltd-counter zero\" style=\"font-size: 31px\">\n\t\t5876\t<\/span>\n\t<\/div>\n\t<h6 class=\"eltd-counter-title\" >\n\t\tcups of coffee\t<\/h6>\n\t\n<\/div><div class=\"vc_empty_space\"   style=\"height: 30px\"><span class=\"vc_empty_space_inner\"><\/span><\/div><\/div><\/div><\/div><div class=\"wpb_column vc_column_container vc_col-sm-3\"><div class=\"vc_column-inner\"><div class=\"wpb_wrapper\"><div class=\"vc_empty_space\"   style=\"height: 50px\"><span class=\"vc_empty_space_inner\"><\/span><\/div><div class=\"eltd-counter-holder center dark\" >\n\t<div class=\"eltd-counter-icon-holder\">\n\t\t<div class=\"eltd-counter-icon-holder-inner\">\n\t\t\t\n    <span class=\"eltd-icon-shortcode normal\"  >\n        \n        <span aria-hidden=\"true\" class=\"eltd-icon-font-elegant icon_globe eltd-icon-element\" style=\"font-size:23px\" ><\/span>\n            <\/span>\n\n\t\t<\/div>\n\t\t<span class=\"eltd-counter zero\" style=\"font-size: 31px\">\n\t\t8520\t<\/span>\n\t<\/div>\n\t<h6 class=\"eltd-counter-title\" >\n\t\thappy customers\t<\/h6>\n\t\n<\/div><div class=\"vc_empty_space\"   style=\"height: 30px\"><span class=\"vc_empty_space_inner\"><\/span><\/div><\/div><\/div><\/div><div class=\"wpb_column vc_column_container vc_col-sm-3\"><div class=\"vc_column-inner\"><div class=\"wpb_wrapper\"><div class=\"vc_empty_space\"   style=\"height: 50px\"><span class=\"vc_empty_space_inner\"><\/span><\/div><div class=\"eltd-counter-holder center dark\" >\n\t<div class=\"eltd-counter-icon-holder\">\n\t\t<div class=\"eltd-counter-icon-holder-inner\">\n\t\t\t\n    <span class=\"eltd-icon-shortcode normal\"  >\n        \n        <span aria-hidden=\"true\" class=\"eltd-icon-font-elegant icon_like eltd-icon-element\" style=\"font-size:23px\" ><\/span>\n            <\/span>\n\n\t\t<\/div>\n\t\t<span class=\"eltd-counter zero\" style=\"font-size: 31px\">\n\t\t365\t<\/span>\n\t<\/div>\n\t<h6 class=\"eltd-counter-title\" >\n\t\twinning awards\t<\/h6>\n\t\n<\/div><div class=\"vc_empty_space\"   style=\"height: 30px\"><span class=\"vc_empty_space_inner\"><\/span><\/div><\/div><\/div><\/div><div class=\"wpb_column vc_column_container vc_col-sm-3\"><div class=\"vc_column-inner\"><div class=\"wpb_wrapper\"><div class=\"vc_empty_space\"   style=\"height: 50px\"><span class=\"vc_empty_space_inner\"><\/span><\/div><div class=\"eltd-counter-holder center dark\" >\n\t<div class=\"eltd-counter-icon-holder\">\n\t\t<div class=\"eltd-counter-icon-holder-inner\">\n\t\t\t\n    <span class=\"eltd-icon-shortcode normal\"  >\n        \n        <span aria-hidden=\"true\" class=\"eltd-icon-font-elegant icon_ribbon_alt eltd-icon-element\" style=\"font-size:23px\" ><\/span>\n            <\/span>\n\n\t\t<\/div>\n\t\t<span class=\"eltd-counter zero\" style=\"font-size: 31px\">\n\t\t195\t<\/span>\n\t<\/div>\n\t<h6 class=\"eltd-counter-title\" >\n\t\tprojects finished\t<\/h6>\n\t\n<\/div><div class=\"vc_empty_space\"   style=\"height: 30px\"><span class=\"vc_empty_space_inner\"><\/span><\/div><\/div><\/div><\/div><\/div><\/div><div class=\"eltd-row-svg-holder\"><div class=\"eltd-row-svg-holder-side\"><\/div><div class=\"eltd-row-svg-holder-middle\">\n<svg version=\"1.1\" id=\"Layer_386271117\" xmlns=\"http:\/\/www.w3.org\/2000\/svg\" xmlns:xlink=\"http:\/\/www.w3.org\/1999\/xlink\" x=\"0px\" y=\"0px\"\n\t width=\"80px\" height=\"32px\" viewbox=\"0 0 80 32\" enable-background=\"new 0 0 80 32\" xml:space=\"preserve\">\n<line fill=\"none\" x1=\"4.72\" y1=\"1.501\" x2=\"4.721\" y2=\"1.5\"\/>\n<path d=\"M7.9,2.613\"\/>\n<path fill=\"#FFFFFF\" d=\"M80,32V0.004h-0.082C79.892,0.004,79.864,0,79.835,0c-0.031,0-0.064,0.004-0.096,0.004h-0.211v0.01\tc-3.099,0.075-5.931,1.262-8.14,3.202l-27.21,25.19c-1.548,1.312-2.979,1.877-4.178,1.877c-1.197,0-2.626-0.562-4.168-1.867\tL8.611,3.217c-2.209-1.94-5.042-3.127-8.139-3.202v-0.01h-0.21C0.23,0.004,0.198,0,0.165,0C0.136,0,0.109,0.004,0.081,0.004H0V32H80\tz\"\/>\n<\/svg>\n<\/div><div class=\"eltd-row-svg-holder-side\"><\/div><\/div><\/div><\/div><div data-eltd-parallax-speed=\"1\" class=\"vc_row wpb_row vc_row-fluid eltd-section vc_custom_1447251891864 eltd-content-aligment-center eltd-grid-section\" style=\"\"><div class=\"clearfix eltd-section-inner\"><div class=\"eltd-section-inner-margin clearfix\"><div class=\"wpb_column vc_column_container vc_col-sm-6 vc_col-md-3\"><div class=\"vc_column-inner\"><div class=\"wpb_wrapper\"><div class=\"eltd-unordered-list  eltd-default-type eltd-animated-list\" ><h6 class = \"eltd-unordered-list-title\">Latest Features<span class = \"eltd-unordered-list-title-separator\"><\/span><\/h6><\/p>\n<ul>\n<li>Fully Responsive<\/li>\n<li>Retina Ready<\/li>\n<li>Extremely Customizable<\/li>\n<li>WP 4.1+ Ready<\/li>\n<li>Demo Files Included (XML)<\/li>\n<li>10+ Hero Styles<\/li>\n<li>10+ Header-Title Styles<\/li>\n<li>Unlimited Header color<\/li>\n<li>Fullscreen Slider<\/li>\n<li>Parallax Support<\/li>\n<\/ul>\n<p><\/div><div class=\"vc_empty_space\"   style=\"height: 50px\"><span class=\"vc_empty_space_inner\"><\/span><\/div><\/div><\/div><\/div><div class=\"wpb_column vc_column_container vc_col-sm-6 vc_col-md-3\"><div class=\"vc_column-inner\"><div class=\"wpb_wrapper\"><div class=\"eltd-unordered-list  eltd-default-type eltd-animated-list\" ><h6 class = \"eltd-unordered-list-title\">Main Features<span class = \"eltd-unordered-list-title-separator\"><\/span><\/h6><\/p>\n<ul>\n<li>Extremely Customizable<\/li>\n<li>Retina Ready<\/li>\n<li>10+ Hero Styles<\/li>\n<li>Parallax Support<\/li>\n<li>10+ Header-Title Styles<\/li>\n<li>Unlimited Header color<\/li>\n<li>Fullscreen Slider<\/li>\n<li>Demo Files Included (XML)<\/li>\n<li>WP 4.1+ Ready<\/li>\n<li>Fully Responsive<\/li>\n<\/ul>\n<p><\/div><div class=\"vc_empty_space\"   style=\"height: 50px\"><span class=\"vc_empty_space_inner\"><\/span><\/div><\/div><\/div><\/div><div class=\"wpb_column vc_column_container vc_col-sm-6 vc_col-md-3\"><div class=\"vc_column-inner\"><div class=\"wpb_wrapper\"><div class=\"eltd-unordered-list  eltd-default-type eltd-animated-list\" ><h6 class = \"eltd-unordered-list-title\">Extra Features<span class = \"eltd-unordered-list-title-separator\"><\/span><\/h6><\/p>\n<ul>\n<li>Fully Responsive<\/li>\n<li>Retina Ready<\/li>\n<li>Extremely Customizable<\/li>\n<li>WP 4.1+ Ready<\/li>\n<li>Demo Files Included (XML)<\/li>\n<li>10+ Hero Styles<\/li>\n<li>10+ Header-Title Styles<\/li>\n<li>Unlimited Header color<\/li>\n<li>Fullscreen Slider<\/li>\n<li>Parallax Support<\/li>\n<\/ul>\n<p><\/div><div class=\"vc_empty_space\"   style=\"height: 50px\"><span class=\"vc_empty_space_inner\"><\/span><\/div><\/div><\/div><\/div><div class=\"wpb_column vc_column_container vc_col-sm-6 vc_col-md-3\"><div class=\"vc_column-inner\"><div class=\"wpb_wrapper\"><div class=\"eltd-unordered-list  eltd-default-type eltd-animated-list\" ><h6 class = \"eltd-unordered-list-title\">All Features<span class = \"eltd-unordered-list-title-separator\"><\/span><\/h6><\/p>\n<ul>\n<li>Extremely Customizable<\/li>\n<li>Retina Ready<\/li>\n<li>10+ Hero Styles<\/li>\n<li>Parallax Support<\/li>\n<li>10+ Header-Title Styles<\/li>\n<li>Unlimited Header color<\/li>\n<li>Fullscreen Slider<\/li>\n<li>Demo Files Included (XML)<\/li>\n<li>WP 4.1+ Ready<\/li>\n<li>Fully Responsive<\/li>\n<\/ul>\n<p><\/div><div class=\"vc_empty_space\"   style=\"height: 50px\"><span class=\"vc_empty_space_inner\"><\/span><\/div><\/div><\/div><\/div><\/div><\/div><\/div>\n<\/section>","protected":false},"excerpt":{"rendered":"","protected":false},"author":1,"featured_media":0,"parent":0,"menu_order":0,"comment_status":"closed","ping_status":"closed","template":"full-width.php","meta":{"footnotes":""},"class_list":["post-431","page","type-page","status-publish","hentry"],"_links":{"self":[{"href":"https:\/\/daphnejewellery.com\/tr\/wp-json\/wp\/v2\/pages\/431","targetHints":{"allow":["GET"]}}],"collection":[{"href":"https:\/\/daphnejewellery.com\/tr\/wp-json\/wp\/v2\/pages"}],"about":[{"href":"https:\/\/daphnejewellery.com\/tr\/wp-json\/wp\/v2\/types\/page"}],"author":[{"embeddable":true,"href":"https:\/\/daphnejewellery.com\/tr\/wp-json\/wp\/v2\/users\/1"}],"replies":[{"embeddable":true,"href":"https:\/\/daphnejewellery.com\/tr\/wp-json\/wp\/v2\/comments?post=431"}],"version-history":[{"count":0,"href":"https:\/\/daphnejewellery.com\/tr\/wp-json\/wp\/v2\/pages\/431\/revisions"}],"wp:attachment":[{"href":"https:\/\/daphnejewellery.com\/tr\/wp-json\/wp\/v2\/media?parent=431"}],"curies":[{"name":"wp","href":"https:\/\/api.w.org\/{rel}","templated":true}]}}