{"id":3427,"date":"2015-11-19T14:20:03","date_gmt":"2015-11-19T14:20:03","guid":{"rendered":"http:\/\/chandelier.elated-themes.com\/?page_id=3427"},"modified":"2015-11-19T14:20:03","modified_gmt":"2015-11-19T14:20:03","slug":"testimonials","status":"publish","type":"page","link":"https:\/\/daphnejewellery.com\/tr\/testimonials\/","title":{"rendered":"Testimonials"},"content":{"rendered":"<section class=\"wpb-content-wrapper\"><div data-eltd-anchor=\"icon\" data-eltd-parallax-speed=\"1\" class=\"vc_row wpb_row vc_row-fluid eltd-section eltd-content-aligment-left eltd-grid-section\" style=\"\"><div class=\"clearfix eltd-section-inner\"><div class=\"eltd-section-inner-margin clearfix\"><div class=\"wpb_column vc_column_container vc_col-sm-12\"><div class=\"vc_column-inner\"><div class=\"wpb_wrapper\"><div class=\"vc_empty_space\"   style=\"height: 22px\"><span class=\"vc_empty_space_inner\"><\/span><\/div><div class=\"eltd-section-title-outer-holder\" style=\"text-align: center\">\n\t<div class=\"eltd-section-title-subtitle-holder\">\n\t\t<h3 class=\"eltd-section-subtitle\" style=\";\">Awesome <\/h3>\n\t<\/div>\n\t<div class=\"eltd-section-title-holder\">\n\t\t<h2 class=\"eltd-section-title\" style=\";\">Various Testimonials<\/h2>\n\t<\/div>\n<\/div><\/div><\/div><\/div><\/div><\/div><\/div><div data-eltd-parallax-speed=\"1\" class=\"vc_row wpb_row vc_row-fluid eltd-section vc_custom_1447946376706 eltd-content-aligment-left eltd-grid-section\" style=\"\"><div class=\"clearfix eltd-section-inner\"><div class=\"eltd-section-inner-margin clearfix\"><div class=\"wpb_column vc_column_container vc_col-sm-12\"><div class=\"vc_column-inner\"><div class=\"wpb_wrapper\"><div class=\"eltd-testimonials-holder clearfix\"><div class=\"eltd-testimonials\" ><div id=\"eltd-testimonials30\" class=\"eltd-testimonial-content\">\n\t<div class=\"eltd-testimonial-content-inner\">\n\t\t<div class=\"eltd-testimonial-text-holder\">\n\t\t\t<div class=\"eltd-testimonial-text-inner\">\n\t\t\t\t\n    <span class=\"eltd-icon-shortcode normal\"  >\n        \n        <span aria-hidden=\"true\" class=\"eltd-icon-font-elegant icon_quotations eltd-icon-element\" style=\"\" ><\/span>\n            <\/span>\n\n\t\t\t\t\t\t\t\t\t<p class=\"eltd-testimonial-title\">\n\t\t\t\t\t\t\t\t\t\t\t<\/p>\n\t\t\t\t\t\t\t\t<p class=\"eltd-testimonial-text\">Testimonal 3 Lorem ipsum dolor sit amet, feugiat delicata liberavisse id cum, no quo maiorum intellegebat, liber regione  eu sit. Mea cu case ludus integre, vide viderer eleifend.<\/p>\n\t\t\t\t\t\t\t\t\t<div class = \"eltd-testimonial-author\">\n\t\t\t\t\t\t<p class=\"eltd-testimonial-author-text\">Sara Blake\t\t\t\t\t\t\t\t\t\t\t\t\t\t\t- <a href=\"http:\/\/www.yourwebsite.zt\" target=\"_blank\" class=\"eltd-testimonials-website\">www.yourwebsite.zt<\/a>\n\t\t\t\t\t\t\t\t\t\t\t\t\t\t\t\t\t\t\t\t<\/p>\t\n\t\t\t\t\t<\/div>\n\t\t\t\t\t\t\t\t\n\t\t\t<\/div>\n\t\t<\/div>\n\t<\/div>\t\n<\/div>\n<div id=\"eltd-testimonials31\" class=\"eltd-testimonial-content\">\n\t<div class=\"eltd-testimonial-content-inner\">\n\t\t<div class=\"eltd-testimonial-text-holder\">\n\t\t\t<div class=\"eltd-testimonial-text-inner\">\n\t\t\t\t\n    <span class=\"eltd-icon-shortcode normal\"  >\n        \n        <span aria-hidden=\"true\" class=\"eltd-icon-font-elegant icon_quotations eltd-icon-element\" style=\"\" ><\/span>\n            <\/span>\n\n\t\t\t\t\t\t\t\t\t<p class=\"eltd-testimonial-title\">\n\t\t\t\t\t\t\t\t\t\t\t<\/p>\n\t\t\t\t\t\t\t\t<p class=\"eltd-testimonial-text\">Testimonal 2 Lorem ipsum dolor sit amet, feugiat delicata liberavisse id cum, no quo maiorum intellegebat, liber regione  eu sit. Mea cu case ludus integre, vide viderer eleifend.<\/p>\n\t\t\t\t\t\t\t\t\t<div class = \"eltd-testimonial-author\">\n\t\t\t\t\t\t<p class=\"eltd-testimonial-author-text\">Cynthia Shaw\t\t\t\t\t\t\t\t\t\t\t\t\t\t\t- <a href=\"http:\/\/www.yourwebsite.zt\" target=\"_blank\" class=\"eltd-testimonials-website\">www.yourwebsite.zt<\/a>\n\t\t\t\t\t\t\t\t\t\t\t\t\t\t\t\t\t\t\t\t<\/p>\t\n\t\t\t\t\t<\/div>\n\t\t\t\t\t\t\t\t\n\t\t\t<\/div>\n\t\t<\/div>\n\t<\/div>\t\n<\/div>\n<div id=\"eltd-testimonials27\" class=\"eltd-testimonial-content\">\n\t<div class=\"eltd-testimonial-content-inner\">\n\t\t<div class=\"eltd-testimonial-text-holder\">\n\t\t\t<div class=\"eltd-testimonial-text-inner\">\n\t\t\t\t\n    <span class=\"eltd-icon-shortcode normal\"  >\n        \n        <span aria-hidden=\"true\" class=\"eltd-icon-font-elegant icon_quotations eltd-icon-element\" style=\"\" ><\/span>\n            <\/span>\n\n\t\t\t\t\t\t\t\t\t<p class=\"eltd-testimonial-title\">\n\t\t\t\t\t\t\t\t\t\t\t<\/p>\n\t\t\t\t\t\t\t\t<p class=\"eltd-testimonial-text\">Testimonal 1 Lorem ipsum dolor sit amet, feugiat delicata liberavisse id cum, no quo maiorum intellegebat, liber regione  eu sit. Mea cu case ludus integre, vide viderer eleifend.<\/p>\n\t\t\t\t\t\t\t\t\t<div class = \"eltd-testimonial-author\">\n\t\t\t\t\t\t<p class=\"eltd-testimonial-author-text\">Alan Snow\t\t\t\t\t\t\t\t\t\t\t\t\t\t\t- <a href=\"http:\/\/www.yourwebsite.zt\" target=\"_blank\" class=\"eltd-testimonials-website\">www.yourwebsite.zt<\/a>\n\t\t\t\t\t\t\t\t\t\t\t\t\t\t\t\t\t\t\t\t<\/p>\t\n\t\t\t\t\t<\/div>\n\t\t\t\t\t\t\t\t\n\t\t\t<\/div>\n\t\t<\/div>\n\t<\/div>\t\n<\/div>\n<\/div><\/div><\/div><\/div><\/div><\/div><\/div><\/div><div data-eltd-parallax-speed=\"1\" class=\"vc_row wpb_row vc_row-fluid eltd-section vc_custom_1447946384859 eltd-content-aligment-left eltd-grid-section\" style=\"\"><div class=\"clearfix eltd-section-inner\"><div class=\"eltd-section-inner-margin clearfix\"><div class=\"wpb_column vc_column_container vc_col-sm-12\"><div class=\"vc_column-inner\"><div class=\"wpb_wrapper\"><div class=\"eltd-testimonials-holder clearfix\"><div class=\"eltd-testimonials\" ><div id=\"eltd-testimonials218\" class=\"eltd-testimonial-content eltd-testimonials-with-image\">\n\t\t\t<div class=\"eltd-testimonial-image-holder\">\n\t\t\t<img loading=\"lazy\" decoding=\"async\" width=\"174\" height=\"175\" src=\"https:\/\/daphnejewellery.com\/wp-content\/uploads\/2015\/10\/testimonial-image1.jpg\" class=\"attachment-218 size-218 wp-post-image\" alt=\"a\" srcset=\"https:\/\/daphnejewellery.com\/wp-content\/uploads\/2015\/10\/testimonial-image1.jpg 174w, https:\/\/daphnejewellery.com\/wp-content\/uploads\/2015\/10\/testimonial-image1-100x100.jpg 100w, https:\/\/daphnejewellery.com\/wp-content\/uploads\/2015\/10\/testimonial-image1-150x150.jpg 150w\" sizes=\"auto, (max-width: 174px) 100vw, 174px\" \/>\t\t<\/div>\n\t\t<div class=\"eltd-testimonial-content-inner\">\n\t\t<div class=\"eltd-testimonial-text-holder\">\n\t\t\t<div class=\"eltd-testimonial-icon-holder\">\n\t\t\t\t\n    <span class=\"eltd-icon-shortcode normal\"  >\n        \n        <span aria-hidden=\"true\" class=\"eltd-icon-font-elegant icon_quotations eltd-icon-element\" style=\"\" ><\/span>\n            <\/span>\n\n\t\t\t<\/div>\n\t\t\t<div class=\"eltd-testimonial-text-inner\">\n\t\t\t\t\t\t\t\t\t<p class=\"eltd-testimonial-title\">\n\t\t\t\t\t\t\t\t\t\t\t<\/p>\n\t\t\t\t\t\t\t\t<p class=\"eltd-testimonial-text\">\u00dcr\u00fcnler ger\u00e7ekten \u00e7ok kaliteli ve hizmet \u00e7ok iyi.<\/p>\n\t\t\t\t\t\t\t\t\t<div class = \"eltd-testimonial-author\">\n\t\t\t\t\t\t<p class=\"eltd-testimonial-author-text\">M\u00fc\u015fteri\t\t\t\t\t\t\t\t\t\t\t\t\t\t\t- <a href=\"http:\/\/wwww.daphnejewellery.com%20en%20g\u00fcncel%20\u00fcr\u00fcnler\" target=\"_blank\" class=\"eltd-testimonials-website\">wwww.daphnejewellery.com en g\u00fcncel \u00fcr\u00fcnler<\/a>\n\t\t\t\t\t\t\t\t\t\t\t\t\t\t\t\t\t\t\t\t<\/p>\n\t\t\t\t\t<\/div>\n\t\t\t\t\t\t\t<\/div>\n\t\t<\/div>\n\t<\/div>\n<\/div><div id=\"eltd-testimonials251\" class=\"eltd-testimonial-content eltd-testimonials-with-image\">\n\t\t\t<div class=\"eltd-testimonial-image-holder\">\n\t\t\t<img loading=\"lazy\" decoding=\"async\" width=\"174\" height=\"175\" src=\"https:\/\/daphnejewellery.com\/wp-content\/uploads\/2015\/10\/testimonial-image2.jpg\" class=\"attachment-251 size-251 wp-post-image\" alt=\"a\" srcset=\"https:\/\/daphnejewellery.com\/wp-content\/uploads\/2015\/10\/testimonial-image2.jpg 174w, https:\/\/daphnejewellery.com\/wp-content\/uploads\/2015\/10\/testimonial-image2-100x100.jpg 100w, https:\/\/daphnejewellery.com\/wp-content\/uploads\/2015\/10\/testimonial-image2-150x150.jpg 150w\" sizes=\"auto, (max-width: 174px) 100vw, 174px\" \/>\t\t<\/div>\n\t\t<div class=\"eltd-testimonial-content-inner\">\n\t\t<div class=\"eltd-testimonial-text-holder\">\n\t\t\t<div class=\"eltd-testimonial-icon-holder\">\n\t\t\t\t\n    <span class=\"eltd-icon-shortcode normal\"  >\n        \n        <span aria-hidden=\"true\" class=\"eltd-icon-font-elegant icon_quotations eltd-icon-element\" style=\"\" ><\/span>\n            <\/span>\n\n\t\t\t<\/div>\n\t\t\t<div class=\"eltd-testimonial-text-inner\">\n\t\t\t\t\t\t\t\t\t<p class=\"eltd-testimonial-title\">\n\t\t\t\t\t\t\t\t\t\t\t<\/p>\n\t\t\t\t\t\t\t\t<p class=\"eltd-testimonial-text\">Etsy \u00fczerinden ald\u0131\u011f\u0131m \u00fcr\u00fcnler ger\u00e7ekten \u00e7ok iyi kargo konusunda madur olmad\u0131m.<\/p>\n\t\t\t\t\t\t\t\t\t<div class = \"eltd-testimonial-author\">\n\t\t\t\t\t\t<p class=\"eltd-testimonial-author-text\">M\u00fc\u015fteri\t\t\t\t\t\t\t\t\t\t\t\t\t\t\t- <a href=\"\" target=\"_blank\" class=\"eltd-testimonials-website\">Mutlu \ud83d\ude42<\/a>\n\t\t\t\t\t\t\t\t\t\t\t\t\t\t\t\t\t\t\t\t<\/p>\n\t\t\t\t\t<\/div>\n\t\t\t\t\t\t\t<\/div>\n\t\t<\/div>\n\t<\/div>\n<\/div><\/div><\/div><\/div><\/div><\/div><\/div><\/div><\/div>\n<\/section>","protected":false},"excerpt":{"rendered":"","protected":false},"author":1,"featured_media":0,"parent":0,"menu_order":0,"comment_status":"closed","ping_status":"closed","template":"","meta":{"footnotes":""},"class_list":["post-3427","page","type-page","status-publish","hentry"],"_links":{"self":[{"href":"https:\/\/daphnejewellery.com\/tr\/wp-json\/wp\/v2\/pages\/3427","targetHints":{"allow":["GET"]}}],"collection":[{"href":"https:\/\/daphnejewellery.com\/tr\/wp-json\/wp\/v2\/pages"}],"about":[{"href":"https:\/\/daphnejewellery.com\/tr\/wp-json\/wp\/v2\/types\/page"}],"author":[{"embeddable":true,"href":"https:\/\/daphnejewellery.com\/tr\/wp-json\/wp\/v2\/users\/1"}],"replies":[{"embeddable":true,"href":"https:\/\/daphnejewellery.com\/tr\/wp-json\/wp\/v2\/comments?post=3427"}],"version-history":[{"count":0,"href":"https:\/\/daphnejewellery.com\/tr\/wp-json\/wp\/v2\/pages\/3427\/revisions"}],"wp:attachment":[{"href":"https:\/\/daphnejewellery.com\/tr\/wp-json\/wp\/v2\/media?parent=3427"}],"curies":[{"name":"wp","href":"https:\/\/api.w.org\/{rel}","templated":true}]}}