{"id":195,"date":"2015-10-28T08:25:55","date_gmt":"2015-10-28T08:25:55","guid":{"rendered":"http:\/\/chandelier.elated-themes.com\/?page_id=195"},"modified":"2022-07-25T11:00:22","modified_gmt":"2022-07-25T11:00:22","slug":"luxury","status":"publish","type":"page","link":"https:\/\/daphnejewellery.com\/tr\/","title":{"rendered":"homes"},"content":{"rendered":"<section class=\"wpb-content-wrapper\"><div data-eltd-parallax-speed=\"1\" class=\"vc_row wpb_row vc_row-fluid eltd-section eltd-content-aligment-center eltd-grid-section\" style=\"\"><div class=\"clearfix eltd-section-inner\"><div class=\"eltd-section-inner-margin clearfix\"><div class=\"wpb_column vc_column_container vc_col-sm-2\"><div class=\"vc_column-inner\"><div class=\"wpb_wrapper\"><\/div><\/div><\/div><div class=\"wpb_column vc_column_container vc_col-sm-8\"><div class=\"vc_column-inner\"><div class=\"wpb_wrapper\"><div class=\"vc_empty_space\"   style=\"height: 22px\"><span class=\"vc_empty_space_inner\"><\/span><\/div><div class=\"eltd-section-title-outer-holder\" style=\"text-align: center\">\n\t<div class=\"eltd-section-title-subtitle-holder\">\n\t\t<h3 class=\"eltd-section-subtitle\" style=\";\">G\u00fcven<\/h3>\n\t<\/div>\n\t<div class=\"eltd-section-title-holder\">\n\t\t<h2 class=\"eltd-section-title\" style=\";\">Sadece Senin icin<\/h2>\n\t<\/div>\n<\/div><div class=\"vc_empty_space\"   style=\"height: 12px\"><span class=\"vc_empty_space_inner\"><\/span><\/div>\n\t<div class=\"wpb_text_column wpb_content_element\" >\n\t\t<div class=\"wpb_wrapper\">\n\t\t\t<p>\u0130stediginiz her t\u00fcrl\u00fc \u00fcr\u00fcn\u00fc, genis koleksiyonlar\u0131m\u0131z icinde bulabilece\u011finize inan\u0131yoruz.<\/p>\n\n\t\t<\/div>\n\t<\/div>\n<div class=\"vc_empty_space\"   style=\"height: 64px\"><span class=\"vc_empty_space_inner\"><\/span><\/div><\/div><\/div><\/div><div class=\"wpb_column vc_column_container vc_col-sm-2\"><div class=\"vc_column-inner\"><div class=\"wpb_wrapper\"><\/div><\/div><\/div><\/div><\/div><\/div><div data-eltd-parallax-speed=\"1\" class=\"vc_row wpb_row vc_row-fluid eltd-section eltd-content-aligment-left\" style=\"\"><div class=\"clearfix eltd-full-section-inner\"><div class=\"wpb_column vc_column_container vc_col-sm-12\"><div class=\"vc_column-inner\"><div class=\"wpb_wrapper\"><div class=\"vc_empty_space\"   style=\"height: 95px\"><span class=\"vc_empty_space_inner\"><\/span><\/div><\/div><\/div><\/div><\/div><\/div><div data-eltd-parallax-speed=\"0.8\" class=\"vc_row wpb_row vc_row-fluid eltd-section eltd-content-aligment-left eltd-parallax-section-holder eltd-parallax-section-holder-touch-disabled eltd-grid-section\" style=\"background-image:url(https:\/\/daphnejewellery.com\/wp-content\/uploads\/2015\/10\/home2-parallax.jpg);min-height:373px;height:auto;\"><div class=\"eltd-parallax-section-inner\"><div class=\"clearfix eltd-section-inner\"><div class=\"eltd-section-inner-margin clearfix\"><div class=\"wpb_column vc_column_container vc_col-sm-12\"><div class=\"vc_column-inner\"><div class=\"wpb_wrapper\"><div class=\"vc_empty_space\"   style=\"height: 100px\"><span class=\"vc_empty_space_inner\"><\/span><\/div><div class=\"eltd-testimonials-holder clearfix\"><div class=\"eltd-testimonials\" ><div id=\"eltd-testimonials218\" class=\"eltd-testimonial-content eltd-testimonials-with-image\">\n\t\t\t<div class=\"eltd-testimonial-image-holder\">\n\t\t\t<img loading=\"lazy\" decoding=\"async\" width=\"174\" height=\"175\" src=\"https:\/\/daphnejewellery.com\/wp-content\/uploads\/2015\/10\/testimonial-image1.jpg\" class=\"attachment-218 size-218 wp-post-image\" alt=\"a\" srcset=\"https:\/\/daphnejewellery.com\/wp-content\/uploads\/2015\/10\/testimonial-image1.jpg 174w, https:\/\/daphnejewellery.com\/wp-content\/uploads\/2015\/10\/testimonial-image1-100x100.jpg 100w, https:\/\/daphnejewellery.com\/wp-content\/uploads\/2015\/10\/testimonial-image1-150x150.jpg 150w\" sizes=\"auto, (max-width: 174px) 100vw, 174px\" \/>\t\t<\/div>\n\t\t<div class=\"eltd-testimonial-content-inner\">\n\t\t<div class=\"eltd-testimonial-text-holder\">\n\t\t\t<div class=\"eltd-testimonial-icon-holder\">\n\t\t\t\t\n    <span class=\"eltd-icon-shortcode normal\"  >\n        \n        <span aria-hidden=\"true\" class=\"eltd-icon-font-elegant icon_quotations eltd-icon-element\" style=\"\" ><\/span>\n            <\/span>\n\n\t\t\t<\/div>\n\t\t\t<div class=\"eltd-testimonial-text-inner\">\n\t\t\t\t\t\t\t\t<p class=\"eltd-testimonial-text\">\u00dcr\u00fcnler ger\u00e7ekten \u00e7ok kaliteli ve hizmet \u00e7ok iyi.<\/p>\n\t\t\t\t\t\t\t\t\t<div class = \"eltd-testimonial-author\">\n\t\t\t\t\t\t<p class=\"eltd-testimonial-author-text\">M\u00fc\u015fteri\t\t\t\t\t\t\t\t\t\t\t\t\t\t\t- <a href=\"http:\/\/wwww.daphnejewellery.com%20en%20g\u00fcncel%20\u00fcr\u00fcnler\" target=\"_blank\" class=\"eltd-testimonials-website\">wwww.daphnejewellery.com en g\u00fcncel \u00fcr\u00fcnler<\/a>\n\t\t\t\t\t\t\t\t\t\t\t\t\t\t\t\t\t\t\t\t<\/p>\n\t\t\t\t\t<\/div>\n\t\t\t\t\t\t\t<\/div>\n\t\t<\/div>\n\t<\/div>\n<\/div><div id=\"eltd-testimonials251\" class=\"eltd-testimonial-content eltd-testimonials-with-image\">\n\t\t\t<div class=\"eltd-testimonial-image-holder\">\n\t\t\t<img loading=\"lazy\" decoding=\"async\" width=\"174\" height=\"175\" src=\"https:\/\/daphnejewellery.com\/wp-content\/uploads\/2015\/10\/testimonial-image2.jpg\" class=\"attachment-251 size-251 wp-post-image\" alt=\"a\" srcset=\"https:\/\/daphnejewellery.com\/wp-content\/uploads\/2015\/10\/testimonial-image2.jpg 174w, https:\/\/daphnejewellery.com\/wp-content\/uploads\/2015\/10\/testimonial-image2-100x100.jpg 100w, https:\/\/daphnejewellery.com\/wp-content\/uploads\/2015\/10\/testimonial-image2-150x150.jpg 150w\" sizes=\"auto, (max-width: 174px) 100vw, 174px\" \/>\t\t<\/div>\n\t\t<div class=\"eltd-testimonial-content-inner\">\n\t\t<div class=\"eltd-testimonial-text-holder\">\n\t\t\t<div class=\"eltd-testimonial-icon-holder\">\n\t\t\t\t\n    <span class=\"eltd-icon-shortcode normal\"  >\n        \n        <span aria-hidden=\"true\" class=\"eltd-icon-font-elegant icon_quotations eltd-icon-element\" style=\"\" ><\/span>\n            <\/span>\n\n\t\t\t<\/div>\n\t\t\t<div class=\"eltd-testimonial-text-inner\">\n\t\t\t\t\t\t\t\t<p class=\"eltd-testimonial-text\">Etsy \u00fczerinden ald\u0131\u011f\u0131m \u00fcr\u00fcnler ger\u00e7ekten \u00e7ok iyi kargo konusunda madur olmad\u0131m.<\/p>\n\t\t\t\t\t\t\t\t\t<div class = \"eltd-testimonial-author\">\n\t\t\t\t\t\t<p class=\"eltd-testimonial-author-text\">M\u00fc\u015fteri\t\t\t\t\t\t\t\t\t\t\t\t\t\t\t- <a href=\"\" target=\"_blank\" class=\"eltd-testimonials-website\">Mutlu \ud83d\ude42<\/a>\n\t\t\t\t\t\t\t\t\t\t\t\t\t\t\t\t\t\t\t\t<\/p>\n\t\t\t\t\t<\/div>\n\t\t\t\t\t\t\t<\/div>\n\t\t<\/div>\n\t<\/div>\n<\/div><\/div><\/div><div class=\"vc_empty_space\"   style=\"height: 40px\"><span class=\"vc_empty_space_inner\"><\/span><\/div><\/div><\/div><\/div><\/div><\/div><\/div><\/div><div data-eltd-parallax-speed=\"1\" class=\"vc_row wpb_row vc_row-fluid eltd-section eltd-content-aligment-left eltd-grid-section\" style=\"\"><div class=\"clearfix eltd-section-inner\"><div class=\"eltd-section-inner-margin clearfix\"><div class=\"wpb_column vc_column_container vc_col-sm-12\"><div class=\"vc_column-inner\"><div class=\"wpb_wrapper\"><div class=\"eltd-elements-holder eltd-two-columns eltd-responsive-mode-768\" ><div class=\"eltd-elements-holder-item eltd-horizontal-alignment-right\" >\n\t<div class=\"eltd-elements-holder-item-inner\">\n\t\t<div class=\"eltd-elements-holder-item-content eltd-elements-holder-custom-567109\" style=\"padding: 0 70px 0 0\">\n\t\t\t\t\t\t<style type=\"text\/css\" data-type=\"eltd-elements-custom-padding\" scoped>\n\t\t\t\t\t\t\t\t\t@media only screen and (min-width: 1024px) and (max-width: 1280px) {\n\t\t\t\t\t\t.eltd-elements-holder .eltd-elements-holder-item-content.eltd-elements-holder-custom-567109 {\n\t\t\t\t\t\t\tpadding: 0 70px 0 0 !important;\n\t\t\t\t\t\t}\n\t\t\t\t\t}\n\t\t\t\t\t\t\t\t\t\t\t\t@media only screen and (min-width: 768px) and (max-width: 1024px) {\n\t\t\t\t\t.eltd-elements-holder .eltd-elements-holder-item-content.eltd-elements-holder-custom-567109 {\n\t\t\t\t\t\tpadding: 100px 8% 100px 0 !important;\n\t\t\t\t\t}\n\t\t\t\t}\n\t\t\t\t\t\t\t\t\t\t\t\t@media only screen and (min-width: 600px) and (max-width: 768px) {\n\t\t\t\t\t.eltd-elements-holder .eltd-elements-holder-item-content.eltd-elements-holder-custom-567109 {\n\t\t\t\t\t\tpadding: 100px 8% 100px 0 !important;\n\t\t\t\t\t}\n\t\t\t\t}\n\t\t\t\t\t\t\t\t\t\t\t\t@media only screen and (min-width: 480px) and (max-width: 600px) {\n\t\t\t\t\t.eltd-elements-holder .eltd-elements-holder-item-content.eltd-elements-holder-custom-567109 {\n\t\t\t\t\t\tpadding: 100px 0 0 0 !important;\n\t\t\t\t\t}\n\t\t\t\t}\n\t\t\t\t\t\t\t\t\t\t\t\t@media only screen and (max-width: 480px) {\n\t\t\t\t\t.eltd-elements-holder .eltd-elements-holder-item-content.eltd-elements-holder-custom-567109 {\n\t\t\t\t\t\tpadding: 100px 0 0 0 !important;\n\t\t\t\t\t}\n\t\t\t\t}\n\t\t\t\t\t\t\t\t<\/style>\n\t\t\t\t\t\t<div class=\"eltd-section-title-outer-holder animate\" style=\"text-align: right\">\n\t<div class=\"eltd-section-title-subtitle-holder\">\n\t\t<h3 class=\"eltd-section-subtitle\" style=\";\">Who<\/h3>\n\t<\/div>\n\t<div class=\"eltd-section-title-holder\">\n\t\t<h2 class=\"eltd-section-title\" style=\";\">Daphne Jewellery<\/h2>\n\t<\/div>\n<\/div><div class=\"vc_empty_space\"   style=\"height: 25px\"><span class=\"vc_empty_space_inner\"><\/span><\/div>\n\t<div class=\"wpb_text_column wpb_content_element\" >\n\t\t<div class=\"wpb_wrapper\">\n\t\t\t<p>DAPHNE JEWELLERY founded in 2012 with the experience of 20 years in Jewellery business. At first, DAPHNE JEWELLERY started as a small business with a big heart , ultimate desire for creating and faith , but today we are a big family company which is representing Turkish Jewellery and operating all around world like Middle East, Asia, Europe and USA<\/p>\n\n\t\t<\/div>\n\t<\/div>\n<div class=\"vc_empty_space\"   style=\"height: 57px\"><span class=\"vc_empty_space_inner\"><\/span><\/div><a href=\"https:\/\/daphnejewellery.com\/tr\/luxury\/about-us\/\" target=\"_self\"  class=\"eltd-btn eltd-btn-medium eltd-btn-solid\"  >\n    <span class=\"eltd-btn-text\">see more<\/span>\n    <\/a>\t\t<\/div>\n\t<\/div>\n<\/div><div class=\"eltd-elements-holder-item\" >\n\t<div class=\"eltd-elements-holder-item-inner\">\n\t\t<div class=\"eltd-elements-holder-item-content eltd-elements-holder-custom-995355\" style=\"padding: 100px 0 100px 0\">\n\t\t\t\t\t\t<style type=\"text\/css\" data-type=\"eltd-elements-custom-padding\" scoped>\n\t\t\t\t\t\t\t\t\t@media only screen and (min-width: 1024px) and (max-width: 1280px) {\n\t\t\t\t\t\t.eltd-elements-holder .eltd-elements-holder-item-content.eltd-elements-holder-custom-995355 {\n\t\t\t\t\t\t\tpadding: 100px 0 100px 0 !important;\n\t\t\t\t\t\t}\n\t\t\t\t\t}\n\t\t\t\t\t\t\t\t\t\t\t\t@media only screen and (min-width: 768px) and (max-width: 1024px) {\n\t\t\t\t\t.eltd-elements-holder .eltd-elements-holder-item-content.eltd-elements-holder-custom-995355 {\n\t\t\t\t\t\tpadding: 100px 0 100px 0 !important;\n\t\t\t\t\t}\n\t\t\t\t}\n\t\t\t\t\t\t\t\t\t\t\t\t@media only screen and (min-width: 600px) and (max-width: 768px) {\n\t\t\t\t\t.eltd-elements-holder .eltd-elements-holder-item-content.eltd-elements-holder-custom-995355 {\n\t\t\t\t\t\tpadding: 100px 0 100px 0 !important;\n\t\t\t\t\t}\n\t\t\t\t}\n\t\t\t\t\t\t\t\t\t\t\t\t@media only screen and (min-width: 480px) and (max-width: 600px) {\n\t\t\t\t\t.eltd-elements-holder .eltd-elements-holder-item-content.eltd-elements-holder-custom-995355 {\n\t\t\t\t\t\tpadding: 100px 0 100px 0 !important;\n\t\t\t\t\t}\n\t\t\t\t}\n\t\t\t\t\t\t\t\t\t\t\t\t@media only screen and (max-width: 480px) {\n\t\t\t\t\t.eltd-elements-holder .eltd-elements-holder-item-content.eltd-elements-holder-custom-995355 {\n\t\t\t\t\t\tpadding: 100px 0 100px 0 !important;\n\t\t\t\t\t}\n\t\t\t\t}\n\t\t\t\t\t\t\t\t<\/style>\n\t\t\t\t\t\t<div class=\"eltd-image-gallery\">\n\t<div class=\"eltd-image-gallery-slider\" data-autoplay=\"3\" data-animation=\"slide\" data-navigation=\"yes\" data-pagination=\"yes\">\n\t\t\t\t\t\t<img loading=\"lazy\" decoding=\"async\" src=\"https:\/\/daphnejewellery.com\/wp-content\/uploads\/2022\/04\/ANASAYFA1.jpg\" alt=\"ANASAYFA1\" width=\"700\" height=\"593\">\n\t\t\t\t\t\t\t<img loading=\"lazy\" decoding=\"async\" src=\"https:\/\/daphnejewellery.com\/wp-content\/uploads\/2022\/07\/ANASAYFA3.jpg\" alt=\"ANASAYFA3\" width=\"700\" height=\"593\">\n\t\t\t\t\t\t\t<img loading=\"lazy\" decoding=\"async\" src=\"https:\/\/daphnejewellery.com\/wp-content\/uploads\/2022\/07\/ANA-SAYFA2.jpg\" alt=\"ANA SAYFA2\" width=\"700\" height=\"593\">\n\t\t\t\t<\/div>\n<\/div>\t\t<\/div>\n\t<\/div>\n<\/div><\/div><\/div><\/div><\/div><\/div><\/div><\/div><div data-eltd-parallax-speed=\"1\" class=\"vc_row wpb_row vc_row-fluid eltd-section eltd-content-aligment-left eltd-grid-section\" style=\"\"><div class=\"clearfix eltd-section-inner\"><div class=\"eltd-section-inner-margin clearfix\"><div class=\"wpb_column vc_column_container vc_col-sm-12\"><div class=\"vc_column-inner\"><div class=\"wpb_wrapper\"><div class=\"vc_empty_space\"   style=\"height: 22px\"><span class=\"vc_empty_space_inner\"><\/span><\/div><div class=\"eltd-section-title-outer-holder animate\" style=\"text-align: center\">\n\t<div class=\"eltd-section-title-subtitle-holder\">\n\t\t<h3 class=\"eltd-section-subtitle\" style=\";\">Finished<\/h3>\n\t<\/div>\n\t<div class=\"eltd-section-title-holder\">\n\t\t<h2 class=\"eltd-section-title\" style=\";\">M\u00fc\u015fterilerimiz Bizimle Mutlu.<\/h2>\n\t<\/div>\n<\/div><div class=\"vc_empty_space\"   style=\"height: 30px\"><span class=\"vc_empty_space_inner\"><\/span><\/div><\/div><\/div><\/div><\/div><\/div><\/div><div data-eltd-parallax-speed=\"0.8\" class=\"vc_row wpb_row vc_row-fluid eltd-section vc_custom_1652299650621 eltd-content-aligment-left eltd-parallax-section-holder eltd-parallax-section-holder-touch-disabled eltd-grid-section\" style=\"background-image:url(https:\/\/daphnejewellery.com\/wp-content\/uploads\/2015\/11\/slider-7.jpg);min-height:290px;height:auto;\"><div class=\"eltd-parallax-section-inner\"><div class=\"clearfix eltd-section-inner\"><div class=\"eltd-section-inner-margin clearfix\"><div class=\"wpb_column vc_column_container vc_col-sm-3 vc_col-lg-3\"><div class=\"vc_column-inner\"><div class=\"wpb_wrapper\"><div class=\"eltd-pie-chart-with-icon-holder\">\n\t<div class=\"eltd-percentage-with-icon\" data-percent=\"85\" data-percentage-color=\"#969696\" data-inactive-color=\"#ffffff\">\n\t\t<i class=\"eltd-icon-simple-line-icon icon-like\" style=\"color: #969696;font-size: 35px\" ><\/i>\t<\/div>\n\t<div class=\"eltd-pie-chart-text\" >\n\t\t<h6 class=\"eltd-pie-title\">\n\t\t\tHer zaman mutlu.\t\t<\/h6>\n\t\t<p>Mutlu \u00e7al\u0131\u015fanlar\u0131 olan bir \u015firketiz.<\/p>\n\t<\/div>\n<\/div><div class=\"vc_empty_space\"   style=\"height: 30px\"><span class=\"vc_empty_space_inner\"><\/span><\/div><\/div><\/div><\/div><div class=\"wpb_column vc_column_container vc_col-sm-3 vc_col-lg-3\"><div class=\"vc_column-inner\"><div class=\"wpb_wrapper\"><div class=\"eltd-pie-chart-with-icon-holder\">\n\t<div class=\"eltd-percentage-with-icon\" data-percent=\"93\" data-percentage-color=\"#969696\">\n\t\t<i class=\"eltd-icon-simple-line-icon icon-eye\" style=\"color: #969696;font-size: 35px\" ><\/i>\t<\/div>\n\t<div class=\"eltd-pie-chart-text\" >\n\t\t<h6 class=\"eltd-pie-title\">\n\t\t\tBizim ortaklar\u0131m\u0131z\t\t<\/h6>\n\t\t<p>\u0130\u015f ortaklar\u0131m\u0131za ve m\u00fc\u015fterilerimize ekonomik bir al\u0131\u015f veri\u015f sa\u011fl\u0131yoruz.<\/p>\n\t<\/div>\n<\/div><div class=\"vc_empty_space\"   style=\"height: 30px\"><span class=\"vc_empty_space_inner\"><\/span><\/div><\/div><\/div><\/div><div class=\"wpb_column vc_column_container vc_col-sm-3 vc_col-lg-3\"><div class=\"vc_column-inner\"><div class=\"wpb_wrapper\"><div class=\"eltd-pie-chart-with-icon-holder\">\n\t<div class=\"eltd-percentage-with-icon\" data-percent=\"68\" data-percentage-color=\"#969696\">\n\t\t<i class=\"eltd-icon-simple-line-icon icon-social-instagram\" style=\"color: #969696;font-size: 35px\" ><\/i>\t<\/div>\n\t<div class=\"eltd-pie-chart-text\" >\n\t\t<h6 class=\"eltd-pie-title\">\n\t\t\t\u00c7evrimi\u00e7i Sosyal Medya\t\t<\/h6>\n\t\t<p>M\u00fc\u015fteri ve tedarik\u00e7i memnuniyeti bizim i\u00e7in esast\u0131r.<\/p>\n\t<\/div>\n<\/div><div class=\"vc_empty_space\"   style=\"height: 30px\"><span class=\"vc_empty_space_inner\"><\/span><\/div><\/div><\/div><\/div><div class=\"wpb_column vc_column_container vc_col-sm-3 vc_col-lg-3\"><div class=\"vc_column-inner\"><div class=\"wpb_wrapper\"><div class=\"eltd-pie-chart-with-icon-holder\">\n\t<div class=\"eltd-percentage-with-icon\" data-percent=\"86\" data-percentage-color=\"#969696\">\n\t\t<i class=\"eltd-icon-simple-line-icon icon-umbrella\" style=\"color: #969696;font-size: 35px\" ><\/i>\t<\/div>\n\t<div class=\"eltd-pie-chart-text\" >\n\t\t<h6 class=\"eltd-pie-title\">\n\t\t\t\u00c7evre dostu.\t\t<\/h6>\n\t\t<p>D\u00fcnyam\u0131z\u0131n do\u011fal kaynaklar\u0131n\u0131 en iyi \u015fekilde kullan\u0131r\u0131z.<\/p>\n\t<\/div>\n<\/div><div class=\"vc_empty_space\"   style=\"height: 30px\"><span class=\"vc_empty_space_inner\"><\/span><\/div><\/div><\/div><\/div><\/div><\/div><div class=\"eltd-row-svg-holder\"><div class=\"eltd-row-svg-holder-side\"><\/div><div class=\"eltd-row-svg-holder-middle\">\n<svg version=\"1.1\" id=\"Layer_1472669180\" xmlns=\"http:\/\/www.w3.org\/2000\/svg\" xmlns:xlink=\"http:\/\/www.w3.org\/1999\/xlink\" x=\"0px\" y=\"0px\"\n\t width=\"80px\" height=\"32px\" viewbox=\"0 0 80 32\" enable-background=\"new 0 0 80 32\" xml:space=\"preserve\">\n<line fill=\"none\" x1=\"4.72\" y1=\"1.501\" x2=\"4.721\" y2=\"1.5\"\/>\n<path d=\"M7.9,2.613\"\/>\n<path fill=\"#FFFFFF\" d=\"M80,32V0.004h-0.082C79.892,0.004,79.864,0,79.835,0c-0.031,0-0.064,0.004-0.096,0.004h-0.211v0.01\tc-3.099,0.075-5.931,1.262-8.14,3.202l-27.21,25.19c-1.548,1.312-2.979,1.877-4.178,1.877c-1.197,0-2.626-0.562-4.168-1.867\tL8.611,3.217c-2.209-1.94-5.042-3.127-8.139-3.202v-0.01h-0.21C0.23,0.004,0.198,0,0.165,0C0.136,0,0.109,0.004,0.081,0.004H0V32H80\tz\"\/>\n<\/svg>\n<\/div><div class=\"eltd-row-svg-holder-side\"><\/div><\/div><\/div><\/div><div data-eltd-parallax-speed=\"1\" class=\"vc_row wpb_row vc_row-fluid eltd-section eltd-content-aligment-left\" style=\"\"><div class=\"clearfix eltd-full-section-inner\"><div class=\"wpb_column vc_column_container vc_col-sm-12\"><div class=\"vc_column-inner\"><div class=\"wpb_wrapper\"><div class=\"vc_empty_space\"   style=\"height: 57px\"><span class=\"vc_empty_space_inner\"><\/span><\/div><\/div><\/div><\/div><\/div><\/div><div data-eltd-parallax-speed=\"1\" class=\"vc_row wpb_row vc_row-fluid eltd-section vc_custom_1447684853822 eltd-content-aligment-left eltd-grid-section\" style=\"\"><div class=\"clearfix eltd-section-inner\"><div class=\"eltd-section-inner-margin clearfix\"><div class=\"wpb_column vc_column_container vc_col-sm-6 vc_col-lg-offset-0 vc_col-lg-3 vc_col-md-offset-0 vc_col-sm-offset-0\"><div class=\"vc_column-inner\"><div class=\"wpb_wrapper\"><div class=\"vc_empty_space\"   style=\"height: 30px\"><span class=\"vc_empty_space_inner\"><\/span><\/div><\/div><\/div><\/div><div class=\"wpb_column vc_column_container vc_col-sm-6 vc_col-lg-offset-0 vc_col-lg-3 vc_col-md-offset-0 vc_col-sm-offset-0\"><div class=\"vc_column-inner\"><div class=\"wpb_wrapper\"><div class=\"vc_empty_space\"   style=\"height: 30px\"><span class=\"vc_empty_space_inner\"><\/span><\/div><\/div><\/div><\/div><div class=\"wpb_column vc_column_container vc_col-sm-6 vc_col-lg-offset-0 vc_col-lg-3 vc_col-md-offset-0 vc_col-sm-offset-0\"><div class=\"vc_column-inner\"><div class=\"wpb_wrapper\"><div class=\"vc_empty_space\"   style=\"height: 30px\"><span class=\"vc_empty_space_inner\"><\/span><\/div><\/div><\/div><\/div><div class=\"wpb_column vc_column_container vc_col-sm-6 vc_col-lg-offset-0 vc_col-lg-3 vc_col-md-offset-0 vc_col-sm-offset-0\"><div class=\"vc_column-inner\"><div class=\"wpb_wrapper\"><div class=\"vc_empty_space\"   style=\"height: 30px\"><span class=\"vc_empty_space_inner\"><\/span><\/div><\/div><\/div><\/div><\/div><\/div><\/div><div data-eltd-parallax-speed=\"1\" class=\"vc_row wpb_row vc_row-fluid eltd-section eltd-content-aligment-left eltd-grid-section\" style=\"\"><div class=\"clearfix eltd-section-inner\"><div class=\"eltd-section-inner-margin clearfix\"><div class=\"wpb_column vc_column_container vc_col-sm-12 vc_col-lg-offset-0 vc_col-lg-6 vc_col-md-offset-0 vc_col-sm-offset-0\"><div class=\"vc_column-inner\"><div class=\"wpb_wrapper\"><div class=\"eltd-accordion-holder clearfix eltd-toggle eltd-initial\">\n\t<h6 class=\"clearfix eltd-title-holder\">\n\t<div class=\"eltd-title-holder-inner\">\n\t\t<span class=\"eltd-accordion-mark eltd-left-mark\">\n\t\t\t<span class=\"eltd-accordion-mark-icon\">\n\t\t\t\t<span class=\"icon_plus\"><\/span>\n\t\t\t\t<span class=\"icon_minus-06\"><\/span>\n\t\t\t<\/span>\n\t\t<\/span>\n\t\t<span class=\"eltd-tab-title\">\n\t\t\t<span class=\"eltd-tab-title-inner\">\n\t\t\t\tSorular\u0131n\u0131z i\u00e7in bizimle ileti\u015fime ge\u00e7in\t\t\t<\/span>\n\t\t<\/span>\t\t\n\t<\/div>\t\n<\/h6>\n<div class=\"eltd-accordion-content\">\n\t<div class=\"eltd-accordion-content-inner\">\n\t\t\n\t<div class=\"wpb_text_column wpb_content_element\" >\n\t\t<div class=\"wpb_wrapper\">\n\t\t\t<p>Sitemizde be\u011fendi\u011finiz ve sipari\u015f vermek istedi\u011finiz \u00fcr\u00fcn ve koleksiyonlara ili\u015fkin her t\u00fcrl\u00fc sorunuz i\u00e7in Whatssup hatt\u0131m\u0131zdan 24 saat bizimle ileti\u015fime ge\u00e7ebilirsiniz.<\/p>\n\n\t\t<\/div>\n\t<\/div>\n\t<\/div>\n<\/div>\n\n<h6 class=\"clearfix eltd-title-holder\">\n\t<div class=\"eltd-title-holder-inner\">\n\t\t<span class=\"eltd-accordion-mark eltd-left-mark\">\n\t\t\t<span class=\"eltd-accordion-mark-icon\">\n\t\t\t\t<span class=\"icon_plus\"><\/span>\n\t\t\t\t<span class=\"icon_minus-06\"><\/span>\n\t\t\t<\/span>\n\t\t<\/span>\n\t\t<span class=\"eltd-tab-title\">\n\t\t\t<span class=\"eltd-tab-title-inner\">\n\t\t\t\tKoleksiyon \u00d6zelle\u015ftirme\t\t\t<\/span>\n\t\t<\/span>\t\t\n\t<\/div>\t\n<\/h6>\n<div class=\"eltd-accordion-content\">\n\t<div class=\"eltd-accordion-content-inner\">\n\t\t\n\t<div class=\"wpb_text_column wpb_content_element\" >\n\t\t<div class=\"wpb_wrapper\">\n\t\t\t<p>Mevcut koleksiyonlar\u0131m\u0131z \u00fczerinde,  istek ve ihtiya\u00e7lar\u0131n\u0131za uygun de\u011fi\u015fiklik yapabilmekteyiz .  Bu \u015fekilde m\u00fc\u015fterilerimize  \u00f6zel koleksiyonlar geli\u015ftirme imkan\u0131 sunmaktay\u0131z.<\/p>\n\n\t\t<\/div>\n\t<\/div>\n\t<\/div>\n<\/div>\n\n<h6 class=\"clearfix eltd-title-holder\">\n\t<div class=\"eltd-title-holder-inner\">\n\t\t<span class=\"eltd-accordion-mark eltd-left-mark\">\n\t\t\t<span class=\"eltd-accordion-mark-icon\">\n\t\t\t\t<span class=\"icon_plus\"><\/span>\n\t\t\t\t<span class=\"icon_minus-06\"><\/span>\n\t\t\t<\/span>\n\t\t<\/span>\n\t\t<span class=\"eltd-tab-title\">\n\t\t\t<span class=\"eltd-tab-title-inner\">\n\t\t\t\tGelin tan\u0131\u015fal\u0131m\t\t\t<\/span>\n\t\t<\/span>\t\t\n\t<\/div>\t\n<\/h6>\n<div class=\"eltd-accordion-content\">\n\t<div class=\"eltd-accordion-content-inner\">\n\t\t\n\t<div class=\"wpb_text_column wpb_content_element\" >\n\t\t<div class=\"wpb_wrapper\">\n\t\t\t<p>Bizimle tan\u0131\u015fmak ve t\u00fcm koleksiyonlar\u0131m\u0131z\u0131 g\u00f6rmek isterseniz, sizleri Kuyumcukent DAPHNE Showroom\u2019da a\u011f\u0131rlamaktan mutluluk duyar\u0131z.<\/p>\n\n\t\t<\/div>\n\t<\/div>\n\t<\/div>\n<\/div>\n\n      \n<\/div><div class=\"vc_empty_space\"   style=\"height: 30px\"><span class=\"vc_empty_space_inner\"><\/span><\/div><\/div><\/div><\/div><div class=\"wpb_column vc_column_container vc_col-sm-12 vc_col-lg-offset-0 vc_col-lg-6 vc_col-md-offset-0 vc_col-sm-offset-0\"><div class=\"vc_column-inner\"><div class=\"wpb_wrapper\">\n\t<div  class=\"wpb_single_image wpb_content_element vc_align_center  wpb_animate_when_almost_visible wpb_right-to-left right-to-left\">\n\t\t\n\t\t<figure class=\"wpb_wrapper vc_figure\">\n\t\t\t<div class=\"vc_single_image-wrapper   vc_box_border_grey\"><\/div>\n\t\t<\/figure>\n\t<\/div>\n<div class=\"vc_empty_space\"   style=\"height: 100px\"><span class=\"vc_empty_space_inner\"><\/span><\/div><\/div><\/div><\/div><\/div><\/div><\/div>\n<\/section>","protected":false},"excerpt":{"rendered":"","protected":false},"author":1,"featured_media":0,"parent":0,"menu_order":0,"comment_status":"closed","ping_status":"closed","template":"full-width.php","meta":{"footnotes":""},"class_list":["post-195","page","type-page","status-publish","hentry"],"_links":{"self":[{"href":"https:\/\/daphnejewellery.com\/tr\/wp-json\/wp\/v2\/pages\/195","targetHints":{"allow":["GET"]}}],"collection":[{"href":"https:\/\/daphnejewellery.com\/tr\/wp-json\/wp\/v2\/pages"}],"about":[{"href":"https:\/\/daphnejewellery.com\/tr\/wp-json\/wp\/v2\/types\/page"}],"author":[{"embeddable":true,"href":"https:\/\/daphnejewellery.com\/tr\/wp-json\/wp\/v2\/users\/1"}],"replies":[{"embeddable":true,"href":"https:\/\/daphnejewellery.com\/tr\/wp-json\/wp\/v2\/comments?post=195"}],"version-history":[{"count":97,"href":"https:\/\/daphnejewellery.com\/tr\/wp-json\/wp\/v2\/pages\/195\/revisions"}],"predecessor-version":[{"id":4939,"href":"https:\/\/daphnejewellery.com\/tr\/wp-json\/wp\/v2\/pages\/195\/revisions\/4939"}],"wp:attachment":[{"href":"https:\/\/daphnejewellery.com\/tr\/wp-json\/wp\/v2\/media?parent=195"}],"curies":[{"name":"wp","href":"https:\/\/api.w.org\/{rel}","templated":true}]}}