{"id":1108,"date":"2015-11-04T10:45:38","date_gmt":"2015-11-04T10:45:38","guid":{"rendered":"http:\/\/chandelier.elated-themes.com\/?page_id=1108"},"modified":"2022-06-16T08:22:51","modified_gmt":"2022-06-16T08:22:51","slug":"what-we-do","status":"publish","type":"page","link":"https:\/\/daphnejewellery.com\/tr\/luxury\/what-we-do\/","title":{"rendered":"NE YAPIYORUZ"},"content":{"rendered":"<section class=\"wpb-content-wrapper\"><div data-eltd-parallax-speed=\"1\" class=\"vc_row wpb_row vc_row-fluid eltd-section eltd-content-aligment-left eltd-grid-section\" style=\"\"><div class=\"clearfix eltd-section-inner\"><div class=\"eltd-section-inner-margin clearfix\"><div class=\"wpb_column vc_column_container vc_col-sm-12\"><div class=\"vc_column-inner\"><div class=\"wpb_wrapper\"><div class=\"vc_empty_space\"   style=\"height: 30px\"><span class=\"vc_empty_space_inner\"><\/span><\/div><div class=\"eltd-section-title-outer-holder animate\" style=\"text-align: center\">\n\t<div class=\"eltd-section-title-subtitle-holder\">\n\t\t<h3 class=\"eltd-section-subtitle\" style=\";\">Size<\/h3>\n\t<\/div>\n\t<div class=\"eltd-section-title-holder\">\n\t\t<h2 class=\"eltd-section-title\" style=\";\">Beauty Things<\/h2>\n\t<\/div>\n<\/div><div class=\"vc_empty_space\"   style=\"height: 34px\"><span class=\"vc_empty_space_inner\"><\/span><\/div><div class=\"eltd-cover-boxes-holder eltd-cover-three-columns\">\n\t<ul class=\"clearfix\">\n\t\t<li class = \"eltd-cover-boxes-item\">\n\t<div class=\"eltd-cover-box clearfix\">\n\t\t<div class=\"eltd-cover-thumb\" style=\"background-image: url()\">\n\t\t<\/div>\n\t\t<div class=\"eltd-cover-box-content\">\n\t\t\t<h6 class=\"eltd-cover-box-title\">\n\t\t\t\tY\u00fcz\u00fck Koleksiyonu\t\t\t<\/h6>\n\t\t\t<p class=\"eltd-cover-box-text\">\n\t\t\t\tGenis y\u00fcz\u00fck koleksiyonumuz i\u00e7ersinde, her \u00f6zel an\u0131n\u0131zda size eslik edecek bir model mutlaka vard\u0131r.\t\t\t<\/p>\n\t\t\t\t\t\t\t<a href=\"https:\/\/daphnejewellery.com\/tr\/standard\/five-columns-4\/\" target=\"_self\"  class=\"eltd-btn eltd-btn-medium eltd-btn-transparent eltd-btn-icon\"  >    <span class=\"eltd-btn-text\">Daha Fazla<\/span>    <span aria-hidden=\"true\" class=\"eltd-icon-font-elegant arrow_right\" ><\/span><\/a>\t\t\t\t\t<\/div>\t\n\t<\/div>\t\n<\/li><li class = \"eltd-cover-boxes-item\">\n\t<div class=\"eltd-cover-box clearfix\">\n\t\t<div class=\"eltd-cover-thumb\" style=\"background-image: url()\">\n\t\t<\/div>\n\t\t<div class=\"eltd-cover-box-content\">\n\t\t\t<h6 class=\"eltd-cover-box-title\">\n\t\t\t\tY\u00fcz\u00fck Koleksiyonu\t\t\t<\/h6>\n\t\t\t<p class=\"eltd-cover-box-text\">\n\t\t\t\tMinimalist y\u00fcz\u00fcklerden, g\u00f6sterisli modellere , klasikten moderne kadar her zevke hitap eden y\u00fcz\u00fck \u00e7esitlerini sizler i\u00e7in tasarlad\u0131k.\t\t\t<\/p>\n\t\t\t\t\t\t\t<a href=\"https:\/\/daphnejewellery.com\/tr\/standard\/five-columns-4\/\" target=\"_self\"  class=\"eltd-btn eltd-btn-medium eltd-btn-transparent eltd-btn-icon\"  >    <span class=\"eltd-btn-text\">Daha Fazla<\/span>    <span aria-hidden=\"true\" class=\"eltd-icon-font-elegant arrow_right\" ><\/span><\/a>\t\t\t\t\t<\/div>\t\n\t<\/div>\t\n<\/li>\t<\/ul>\n<\/div><\/div><\/div><\/div><\/div><\/div><\/div><div data-eltd-parallax-speed=\"0.8\" class=\"vc_row wpb_row vc_row-fluid eltd-section eltd-content-aligment-center eltd-parallax-section-holder eltd-parallax-section-holder-touch-disabled eltd-grid-section\" style=\"background-image:url(https:\/\/daphnejewellery.com\/wp-content\/uploads\/2015\/11\/home-floral-slide-1.jpg);min-height:309px;height:auto;\"><div class=\"eltd-parallax-section-inner\"><div class=\"clearfix eltd-section-inner\"><div class=\"eltd-section-inner-margin clearfix\"><div class=\"wpb_column vc_column_container vc_col-sm-12\"><div class=\"vc_column-inner\"><div class=\"wpb_wrapper\"><\/div><\/div><\/div><\/div><\/div><div class=\"eltd-row-svg-holder\"><div class=\"eltd-row-svg-holder-side\"><\/div><div class=\"eltd-row-svg-holder-middle\">\n<svg version=\"1.1\" id=\"Layer_1281893878\" xmlns=\"http:\/\/www.w3.org\/2000\/svg\" xmlns:xlink=\"http:\/\/www.w3.org\/1999\/xlink\" x=\"0px\" y=\"0px\"\n\t width=\"80px\" height=\"32px\" viewbox=\"0 0 80 32\" enable-background=\"new 0 0 80 32\" xml:space=\"preserve\">\n<line fill=\"none\" x1=\"4.72\" y1=\"1.501\" x2=\"4.721\" y2=\"1.5\"\/>\n<path d=\"M7.9,2.613\"\/>\n<path fill=\"#FFFFFF\" d=\"M80,32V0.004h-0.082C79.892,0.004,79.864,0,79.835,0c-0.031,0-0.064,0.004-0.096,0.004h-0.211v0.01\tc-3.099,0.075-5.931,1.262-8.14,3.202l-27.21,25.19c-1.548,1.312-2.979,1.877-4.178,1.877c-1.197,0-2.626-0.562-4.168-1.867\tL8.611,3.217c-2.209-1.94-5.042-3.127-8.139-3.202v-0.01h-0.21C0.23,0.004,0.198,0,0.165,0C0.136,0,0.109,0.004,0.081,0.004H0V32H80\tz\"\/>\n<\/svg>\n<\/div><div class=\"eltd-row-svg-holder-side\"><\/div><\/div><\/div><\/div><div data-eltd-parallax-speed=\"1\" class=\"vc_row wpb_row vc_row-fluid eltd-section vc_custom_1446634956761 eltd-content-aligment-left eltd-grid-section\" style=\"\"><div class=\"clearfix eltd-section-inner\"><div class=\"eltd-section-inner-margin clearfix\"><div class=\"wpb_column vc_column_container vc_col-sm-12\"><div class=\"vc_column-inner\"><div class=\"wpb_wrapper\"><div class=\"eltd-elements-holder eltd-two-columns eltd-responsive-mode-768\" ><div class=\"eltd-elements-holder-item\" >\n\t<div class=\"eltd-elements-holder-item-inner\">\n\t\t<div class=\"eltd-elements-holder-item-content eltd-elements-holder-custom-287446\" style=\"padding: 23px 15px 0 0\">\n\t\t\t\t\t\t<style type=\"text\/css\" data-type=\"eltd-elements-custom-padding\" scoped>\n\t\t\t\t\t\t\t\t\t@media only screen and (min-width: 1024px) and (max-width: 1280px) {\n\t\t\t\t\t\t.eltd-elements-holder .eltd-elements-holder-item-content.eltd-elements-holder-custom-287446 {\n\t\t\t\t\t\t\tpadding: 0 0 0 0 !important;\n\t\t\t\t\t\t}\n\t\t\t\t\t}\n\t\t\t\t\t\t\t\t\t\t\t\t@media only screen and (min-width: 768px) and (max-width: 1024px) {\n\t\t\t\t\t.eltd-elements-holder .eltd-elements-holder-item-content.eltd-elements-holder-custom-287446 {\n\t\t\t\t\t\tpadding: 0 0 0 0 !important;\n\t\t\t\t\t}\n\t\t\t\t}\n\t\t\t\t\t\t\t\t\t\t\t\t@media only screen and (min-width: 600px) and (max-width: 768px) {\n\t\t\t\t\t.eltd-elements-holder .eltd-elements-holder-item-content.eltd-elements-holder-custom-287446 {\n\t\t\t\t\t\tpadding: 0 0 0 0 !important;\n\t\t\t\t\t}\n\t\t\t\t}\n\t\t\t\t\t\t\t\t\t\t\t\t@media only screen and (min-width: 480px) and (max-width: 600px) {\n\t\t\t\t\t.eltd-elements-holder .eltd-elements-holder-item-content.eltd-elements-holder-custom-287446 {\n\t\t\t\t\t\tpadding: 0 0 0 0 !important;\n\t\t\t\t\t}\n\t\t\t\t}\n\t\t\t\t\t\t\t\t\t\t\t\t@media only screen and (max-width: 480px) {\n\t\t\t\t\t.eltd-elements-holder .eltd-elements-holder-item-content.eltd-elements-holder-custom-287446 {\n\t\t\t\t\t\tpadding: 0 0 0 0 !important;\n\t\t\t\t\t}\n\t\t\t\t}\n\t\t\t\t\t\t\t\t<\/style>\n\t\t\t\t\t\t\n\t<div  class=\"wpb_single_image wpb_content_element vc_align_left\">\n\t\t\n\t\t<figure class=\"wpb_wrapper vc_figure\">\n\t\t\t<div class=\"vc_single_image-wrapper   vc_box_border_grey\"><img loading=\"lazy\" decoding=\"async\" width=\"600\" height=\"493\" src=\"https:\/\/daphnejewellery.com\/wp-content\/uploads\/2022\/04\/Untitled-1.gif\" class=\"vc_single_image-img attachment-full\" alt=\"\" title=\"Untitled-1\" \/><\/div>\n\t\t<\/figure>\n\t<\/div>\n\t\t<\/div>\n\t<\/div>\n<\/div><div class=\"eltd-elements-holder-item\" >\n\t<div class=\"eltd-elements-holder-item-inner\">\n\t\t<div class=\"eltd-elements-holder-item-content eltd-elements-holder-custom-123316\" style=\"padding: 0 0 0 85px\">\n\t\t\t\t\t\t<style type=\"text\/css\" data-type=\"eltd-elements-custom-padding\" scoped>\n\t\t\t\t\t\t\t\t\t@media only screen and (min-width: 1024px) and (max-width: 1280px) {\n\t\t\t\t\t\t.eltd-elements-holder .eltd-elements-holder-item-content.eltd-elements-holder-custom-123316 {\n\t\t\t\t\t\t\tpadding: 0px 0 0 40px !important;\n\t\t\t\t\t\t}\n\t\t\t\t\t}\n\t\t\t\t\t\t\t\t\t\t\t\t@media only screen and (min-width: 768px) and (max-width: 1024px) {\n\t\t\t\t\t.eltd-elements-holder .eltd-elements-holder-item-content.eltd-elements-holder-custom-123316 {\n\t\t\t\t\t\tpadding: 80px 0 0 40px !important;\n\t\t\t\t\t}\n\t\t\t\t}\n\t\t\t\t\t\t\t\t\t\t\t\t@media only screen and (min-width: 600px) and (max-width: 768px) {\n\t\t\t\t\t.eltd-elements-holder .eltd-elements-holder-item-content.eltd-elements-holder-custom-123316 {\n\t\t\t\t\t\tpadding: 80px 0 0 0 !important;\n\t\t\t\t\t}\n\t\t\t\t}\n\t\t\t\t\t\t\t\t\t\t\t\t@media only screen and (min-width: 480px) and (max-width: 600px) {\n\t\t\t\t\t.eltd-elements-holder .eltd-elements-holder-item-content.eltd-elements-holder-custom-123316 {\n\t\t\t\t\t\tpadding: 80px 0 0 0 !important;\n\t\t\t\t\t}\n\t\t\t\t}\n\t\t\t\t\t\t\t\t\t\t\t\t@media only screen and (max-width: 480px) {\n\t\t\t\t\t.eltd-elements-holder .eltd-elements-holder-item-content.eltd-elements-holder-custom-123316 {\n\t\t\t\t\t\tpadding: 80px 0 0 0 !important;\n\t\t\t\t\t}\n\t\t\t\t}\n\t\t\t\t\t\t\t\t<\/style>\n\t\t\t\t\t\t<div class=\"eltd-section-title-outer-holder animate\" style=\"text-align: left\">\n\t<div class=\"eltd-section-title-subtitle-holder\">\n\t\t<h3 class=\"eltd-section-subtitle\" style=\"font-size: 36px;\">Kalite<\/h3>\n\t<\/div>\n\t<div class=\"eltd-section-title-holder\">\n\t\t<h2 class=\"eltd-section-title\" style=\"font-size: 36px;\">ve M\u00fckemmellik.<\/h2>\n\t<\/div>\n<\/div><div class=\"vc_empty_space\"   style=\"height: 16px\"><span class=\"vc_empty_space_inner\"><\/span><\/div>\n\t<div class=\"wpb_text_column wpb_content_element\" >\n\t\t<div class=\"wpb_wrapper\">\n\t\t\t<p>Amac\u0131m\u0131z her zaman en kaliteli ve kusursuz \u00fcr\u00fcnleri sizlere sunmakt\u0131r .                                            Daphnejewellery ekibi, her biri alan\u0131nda uzman profesyonel bir kadrodan olu\u015fmaktad\u0131r.<\/p>\n\n\t\t<\/div>\n\t<\/div>\n<div class=\"vc_empty_space\"   style=\"height: 43px\"><span class=\"vc_empty_space_inner\"><\/span><\/div><a href=\"#\" target=\"_self\"  class=\"eltd-btn eltd-btn-medium eltd-btn-solid\"  >\n    <span class=\"eltd-btn-text\">Daha Fazla<\/span>\n    <\/a>\t\t<\/div>\n\t<\/div>\n<\/div><\/div><\/div><\/div><\/div><\/div><\/div><\/div><div data-eltd-parallax-speed=\"1\" class=\"vc_row wpb_row vc_row-fluid eltd-section vc_custom_1445953129611 eltd-content-aligment-center eltd-grid-section\" style=\"\"><div class=\"clearfix eltd-section-inner\"><div class=\"eltd-section-inner-margin clearfix\"><div class=\"wpb_column vc_column_container vc_col-sm-12\"><div class=\"vc_column-inner\"><div class=\"wpb_wrapper\">\n\t<div class=\"wpb_text_column wpb_content_element\" >\n\t\t<div class=\"wpb_wrapper\">\n\t\t\t<h2>Ekibimiz<\/h2>\n\n\t\t<\/div>\n\t<\/div>\n<div class=\"vc_empty_space\"   style=\"height: 52px\"><span class=\"vc_empty_space_inner\"><\/span><\/div><\/div><\/div><\/div><\/div><\/div><\/div><div data-eltd-parallax-speed=\"1\" class=\"vc_row wpb_row vc_row-fluid eltd-section eltd-content-aligment-left\" style=\"\"><div class=\"clearfix eltd-full-section-inner\"><div class=\"wpb_column vc_column_container vc_col-sm-12\"><div class=\"vc_column-inner\"><div class=\"wpb_wrapper\"><div class=\"eltd-team-holder clearfix eltd-team-five-columns\">\n\t\n<div class=\"eltd-team main-info-below-image\">\n\t<div class=\"eltd-team-inner\">\n\t\t\n\t\t\t\t<div class=\"eltd-team-info\"  >\n\t\t\t\t\n\t\t\t\t\t\t\t\t\t<div class=\"eltd-team-title-holder normal\">\n\t\t\t\t\t\t\t\t\t\t\t\t\t<h6 class=\"eltd-team-name\">\n\t\t\t\t\t\t\t\tAd\u0131 Soyad\u0131\t\t\t\t\t\t\t<\/h6>\n\t\t\t\t\t\t\t\t\t\t\t\t\t\t\t\t\t\t\t<span class=\"eltd-team-position\">Ceo<\/span>\n\t\t\t\t\t\t\t\t\t\t\t<\/div>\n\t\t\t\t\t\t<\/div>\n\t<\/div>\n<\/div>\n<div class=\"eltd-team main-info-below-image\">\n\t<div class=\"eltd-team-inner\">\n\t\t\n\t\t\t\t<div class=\"eltd-team-info\"  >\n\t\t\t\t\n\t\t\t\t\t\t\t\t\t<div class=\"eltd-team-title-holder normal\">\n\t\t\t\t\t\t\t\t\t\t\t\t\t<h6 class=\"eltd-team-name\">\n\t\t\t\t\t\t\t\tJanis Fields\t\t\t\t\t\t\t<\/h6>\n\t\t\t\t\t\t\t\t\t\t\t\t\t\t\t\t\t\t\t<span class=\"eltd-team-position\">Developer<\/span>\n\t\t\t\t\t\t\t\t\t\t\t<\/div>\n\t\t\t\t\t\t<\/div>\n\t<\/div>\n<\/div>\n<div class=\"eltd-team main-info-below-image\">\n\t<div class=\"eltd-team-inner\">\n\t\t\n\t\t\t\t<div class=\"eltd-team-info\"  >\n\t\t\t\t\n\t\t\t\t\t\t\t\t\t<div class=\"eltd-team-title-holder normal\">\n\t\t\t\t\t\t\t\t\t\t\t\t\t<h6 class=\"eltd-team-name\">\n\t\t\t\t\t\t\t\tAd\u0131 soyad\u0131\t\t\t\t\t\t\t<\/h6>\n\t\t\t\t\t\t\t\t\t\t\t\t\t\t\t\t\t\t\t<span class=\"eltd-team-position\">Y\u00f6netici<\/span>\n\t\t\t\t\t\t\t\t\t\t\t<\/div>\n\t\t\t\t\t\t<\/div>\n\t<\/div>\n<\/div>\n<div class=\"eltd-team main-info-below-image\">\n\t<div class=\"eltd-team-inner\">\n\t\t\n\t\t\t\t<div class=\"eltd-team-info\"  >\n\t\t\t\t\n\t\t\t\t\t\t\t\t\t<div class=\"eltd-team-title-holder normal\">\n\t\t\t\t\t\t\t\t\t\t\t\t\t<h6 class=\"eltd-team-name\">\n\t\t\t\t\t\t\t\tAd\u0131 Soy Ad\u0131\t\t\t\t\t\t\t<\/h6>\n\t\t\t\t\t\t\t\t\t\t\t\t\t\t\t\t\t\t\t<span class=\"eltd-team-position\">Personel<\/span>\n\t\t\t\t\t\t\t\t\t\t\t<\/div>\n\t\t\t\t\t\t<\/div>\n\t<\/div>\n<\/div>\n<div class=\"eltd-team main-info-below-image\">\n\t<div class=\"eltd-team-inner\">\n\t\t\n\t\t\t\t<div class=\"eltd-team-info\"  >\n\t\t\t\t\n\t\t\t\t\t\t\t\t\t<div class=\"eltd-team-title-holder normal\">\n\t\t\t\t\t\t\t\t\t\t\t\t\t<h6 class=\"eltd-team-name\">\n\t\t\t\t\t\t\t\tAd\u0131 Soyad\u0131\t\t\t\t\t\t\t<\/h6>\n\t\t\t\t\t\t\t\t\t\t\t\t\t\t\t\t\t\t\t<span class=\"eltd-team-position\">Position<\/span>\n\t\t\t\t\t\t\t\t\t\t\t<\/div>\n\t\t\t\t\t\t<\/div>\n\t<\/div>\n<\/div><\/div>\t<\/div><\/div><\/div><\/div><\/div><div data-eltd-parallax-speed=\"1\" class=\"vc_row wpb_row vc_row-fluid eltd-section vc_custom_1447763947102 eltd-content-aligment-left eltd-grid-section\" style=\"\"><div class=\"clearfix eltd-section-inner\"><div class=\"eltd-section-inner-margin clearfix\"><div class=\"wpb_column vc_column_container vc_col-sm-12 vc_col-lg-offset-0 vc_col-lg-6 vc_col-md-offset-0 vc_col-sm-offset-0\"><div class=\"vc_column-inner\"><div class=\"wpb_wrapper\"><div class=\"eltd-accordion-holder clearfix eltd-toggle eltd-initial\">\n\t<h6 class=\"clearfix eltd-title-holder\">\n\t<div class=\"eltd-title-holder-inner\">\n\t\t<span class=\"eltd-accordion-mark eltd-left-mark\">\n\t\t\t<span class=\"eltd-accordion-mark-icon\">\n\t\t\t\t<span class=\"icon_plus\"><\/span>\n\t\t\t\t<span class=\"icon_minus-06\"><\/span>\n\t\t\t<\/span>\n\t\t<\/span>\n\t\t<span class=\"eltd-tab-title\">\n\t\t\t<span class=\"eltd-tab-title-inner\">\n\t\t\t\tPERFECT BLOG PLATFORM\t\t\t<\/span>\n\t\t<\/span>\t\t\n\t<\/div>\t\n<\/h6>\n<div class=\"eltd-accordion-content\">\n\t<div class=\"eltd-accordion-content-inner\">\n\t\t\n\t<div class=\"wpb_text_column wpb_content_element\" >\n\t\t<div class=\"wpb_wrapper\">\n\t\t\t<p>Lorem ipsum dolor sit amet, feugiat delicata liberavisse id cum, no quo maiorum intellegebat, liber regione eu sit. Mea cu case ludus integre, vide viderer eleifend ex mea.<\/p>\n\n\t\t<\/div>\n\t<\/div>\n\t<\/div>\n<\/div>\n\n<h6 class=\"clearfix eltd-title-holder\">\n\t<div class=\"eltd-title-holder-inner\">\n\t\t<span class=\"eltd-accordion-mark eltd-left-mark\">\n\t\t\t<span class=\"eltd-accordion-mark-icon\">\n\t\t\t\t<span class=\"icon_plus\"><\/span>\n\t\t\t\t<span class=\"icon_minus-06\"><\/span>\n\t\t\t<\/span>\n\t\t<\/span>\n\t\t<span class=\"eltd-tab-title\">\n\t\t\t<span class=\"eltd-tab-title-inner\">\n\t\t\t\tFully Responsive WordPress Theme\t\t\t<\/span>\n\t\t<\/span>\t\t\n\t<\/div>\t\n<\/h6>\n<div class=\"eltd-accordion-content\">\n\t<div class=\"eltd-accordion-content-inner\">\n\t\t\n\t<div class=\"wpb_text_column wpb_content_element\" >\n\t\t<div class=\"wpb_wrapper\">\n\t\t\t<p>Lorem ipsum dolor sit amet, feugiat delicata liberavisse id cum, no quo maiorum intellegebat, liber regione eu sit. Mea cu case ludus integre, vide viderer eleifend ex mea.<\/p>\n\n\t\t<\/div>\n\t<\/div>\n\t<\/div>\n<\/div>\n\n<h6 class=\"clearfix eltd-title-holder\">\n\t<div class=\"eltd-title-holder-inner\">\n\t\t<span class=\"eltd-accordion-mark eltd-left-mark\">\n\t\t\t<span class=\"eltd-accordion-mark-icon\">\n\t\t\t\t<span class=\"icon_plus\"><\/span>\n\t\t\t\t<span class=\"icon_minus-06\"><\/span>\n\t\t\t<\/span>\n\t\t<\/span>\n\t\t<span class=\"eltd-tab-title\">\n\t\t\t<span class=\"eltd-tab-title-inner\">\n\t\t\t\tAmazing Paralax Scroll Page With This Theme\t\t\t<\/span>\n\t\t<\/span>\t\t\n\t<\/div>\t\n<\/h6>\n<div class=\"eltd-accordion-content\">\n\t<div class=\"eltd-accordion-content-inner\">\n\t\t\n\t<div class=\"wpb_text_column wpb_content_element\" >\n\t\t<div class=\"wpb_wrapper\">\n\t\t\t<p>Lorem ipsum dolor sit amet, feugiat delicata liberavisse id cum, no quo maiorum intellegebat, liber regione eu sit. Mea cu case ludus integre, vide viderer eleifend ex mea.<\/p>\n\n\t\t<\/div>\n\t<\/div>\n\t<\/div>\n<\/div>\n\n      \n<\/div><\/div><\/div><\/div><div class=\"wpb_column vc_column_container vc_col-sm-12 vc_col-lg-offset-0 vc_col-lg-6 vc_col-md-offset-0 vc_col-sm-offset-0\"><div class=\"vc_column-inner\"><div class=\"wpb_wrapper\">\n\t<div  class=\"wpb_single_image wpb_content_element vc_align_center\">\n\t\t\n\t\t<figure class=\"wpb_wrapper vc_figure\">\n\t\t\t<div class=\"vc_single_image-wrapper   vc_box_border_grey\"><\/div>\n\t\t<\/figure>\n\t<\/div>\n<div class=\"vc_empty_space\"   style=\"height: 100px\"><span class=\"vc_empty_space_inner\"><\/span><\/div><\/div><\/div><\/div><\/div><\/div><\/div>\n<\/section>","protected":false},"excerpt":{"rendered":"Perfect Beauty Things RING COLLECTION In our wide range of ring collection, there is definitely a model that will accompany you in every special moment. Read More RING COLLECTION We have designed a variety of rings for you that appeal to all tastes, from minimalist...","protected":false},"author":1,"featured_media":0,"parent":195,"menu_order":0,"comment_status":"closed","ping_status":"closed","template":"full-width.php","meta":{"footnotes":""},"class_list":["post-1108","page","type-page","status-publish","hentry"],"_links":{"self":[{"href":"https:\/\/daphnejewellery.com\/tr\/wp-json\/wp\/v2\/pages\/1108","targetHints":{"allow":["GET"]}}],"collection":[{"href":"https:\/\/daphnejewellery.com\/tr\/wp-json\/wp\/v2\/pages"}],"about":[{"href":"https:\/\/daphnejewellery.com\/tr\/wp-json\/wp\/v2\/types\/page"}],"author":[{"embeddable":true,"href":"https:\/\/daphnejewellery.com\/tr\/wp-json\/wp\/v2\/users\/1"}],"replies":[{"embeddable":true,"href":"https:\/\/daphnejewellery.com\/tr\/wp-json\/wp\/v2\/comments?post=1108"}],"version-history":[{"count":55,"href":"https:\/\/daphnejewellery.com\/tr\/wp-json\/wp\/v2\/pages\/1108\/revisions"}],"predecessor-version":[{"id":4871,"href":"https:\/\/daphnejewellery.com\/tr\/wp-json\/wp\/v2\/pages\/1108\/revisions\/4871"}],"up":[{"embeddable":true,"href":"https:\/\/daphnejewellery.com\/tr\/wp-json\/wp\/v2\/pages\/195"}],"wp:attachment":[{"href":"https:\/\/daphnejewellery.com\/tr\/wp-json\/wp\/v2\/media?parent=1108"}],"curies":[{"name":"wp","href":"https:\/\/api.w.org\/{rel}","templated":true}]}}