{"id":1081,"date":"2015-11-04T10:09:51","date_gmt":"2015-11-04T10:09:51","guid":{"rendered":"http:\/\/chandelier.elated-themes.com\/?page_id=1081"},"modified":"2022-04-11T19:38:22","modified_gmt":"2022-04-11T19:38:22","slug":"about-us","status":"publish","type":"page","link":"https:\/\/daphnejewellery.com\/tr\/luxury\/about-us\/","title":{"rendered":"Hakk\u0131m\u0131zda"},"content":{"rendered":"<section class=\"wpb-content-wrapper\"><div data-eltd-parallax-speed=\"1\" class=\"vc_row wpb_row vc_row-fluid eltd-section eltd-content-aligment-center eltd-grid-section\" style=\"\"><div class=\"clearfix eltd-section-inner\"><div class=\"eltd-section-inner-margin clearfix\"><div class=\"wpb_column vc_column_container vc_col-sm-12 vc_col-lg-offset-2 vc_col-lg-8\"><div class=\"vc_column-inner\"><div class=\"wpb_wrapper\"><div class=\"vc_empty_space\"   style=\"height: 22px\"><span class=\"vc_empty_space_inner\"><\/span><\/div><div class=\"eltd-section-title-outer-holder animate\" style=\"text-align: center\">\n\t<div class=\"eltd-section-title-subtitle-holder\">\n\t\t<h3 class=\"eltd-section-subtitle\" style=\";\">Gecmisten<\/h3>\n\t<\/div>\n\t<div class=\"eltd-section-title-holder\">\n\t\t<h2 class=\"eltd-section-title\" style=\";\">Bu g\u00fcne Daphne<\/h2>\n\t<\/div>\n<\/div><div class=\"vc_empty_space\"   style=\"height: 20px\"><span class=\"vc_empty_space_inner\"><\/span><\/div><\/div><\/div><\/div><\/div><\/div><\/div><div data-eltd-parallax-speed=\"1\" class=\"vc_row wpb_row vc_row-fluid eltd-section eltd-content-aligment-left eltd-grid-section\" style=\"\"><div class=\"clearfix eltd-section-inner\"><div class=\"eltd-section-inner-margin clearfix\"><div class=\"wpb_column vc_column_container vc_col-sm-6\"><div class=\"vc_column-inner\"><div class=\"wpb_wrapper\">\n\t<div class=\"wpb_text_column wpb_content_element\" >\n\t\t<div class=\"wpb_wrapper\">\n\t\t\t<p>DAPHNE Kuyumculuk, sekt\u00f6rde 20 y\u0131ll\u0131k \u00e7al\u0131\u015fman\u0131n getirdi\u011fi tecr\u00fcbe ile 2012 y\u0131l\u0131nda kurulmu\u015ftur. \nBa\u015flang\u0131\u00e7ta, k\u00fc\u00e7\u00fck bir i\u015fletme olarak ba\u015flad\u0131\u011f\u0131m\u0131z bu yola , bug\u00fcn T\u00fcrk M\u00fccevherat\u0131n\u0131 Ortado\u011fu, \nAsya, Avrupa ve ABD gibi d\u00fcnyan\u0131n d\u00f6rt bir yan\u0131nda faaliyet g\u00f6steren b\u00fcy\u00fck bir aile \u015firketi olarak devam etmekteyiz.<\/p>\n<p>&nbsp;<\/p>\n<p style=\"text-align: right;\">.<\/p>\n\n\t\t<\/div>\n\t<\/div>\n<\/div><\/div><\/div><div class=\"wpb_column vc_column_container vc_col-sm-6\"><div class=\"vc_column-inner\"><div class=\"wpb_wrapper\">\n\t<div class=\"wpb_text_column wpb_content_element\" >\n\t\t<div class=\"wpb_wrapper\">\n\t\t\t<p>Halen,  \u0130stanbul Kuyumcukent'te kendi koleksiyonlar\u0131m\u0131z\u0131 \u00fcretmekte, perakende ve toptanc\u0131  olarak faaaliyetlerimize devam etmekteyiz.\nAmac\u0131m\u0131z, \u0130stanbul'un oryantal, ayn\u0131 zamanda modern, karma ruhundan ilham alarak, k\u00fcpeden kolye'ye, bileklikten y\u00fcz\u00fc\u011fe kadar \nher t\u00fcrden E\u015eS\u0130Z, ZAMANSIZ, modaya uygun ve Y\u00dcKSEK KAL\u0130TEL\u0130 tak\u0131lar \u00fcretmektir.<\/p>\n<p>.<\/p>\n\n\t\t<\/div>\n\t<\/div>\n<\/div><\/div><\/div><\/div><\/div><\/div><div data-eltd-parallax-speed=\"1\" class=\"vc_row wpb_row vc_row-fluid eltd-section eltd-content-aligment-center eltd-grid-section\" style=\"\"><div class=\"clearfix eltd-section-inner\"><div class=\"eltd-section-inner-margin clearfix\"><div class=\"wpb_column vc_column_container vc_col-sm-12\"><div class=\"vc_column-inner\"><div class=\"wpb_wrapper\"><div class=\"vc_empty_space\"   style=\"height: 48px\"><span class=\"vc_empty_space_inner\"><\/span><\/div><a href=\"#\" target=\"_self\" style=\"font-weight: 700\" class=\"eltd-btn eltd-btn-medium eltd-btn-solid\"  >\n    <span class=\"eltd-btn-text\">Daha Fazla<\/span>\n    <\/a><div class=\"vc_empty_space\"   style=\"height: 93px\"><span class=\"vc_empty_space_inner\"><\/span><\/div><\/div><\/div><\/div><\/div><\/div><\/div><div data-eltd-parallax-speed=\"1\" class=\"vc_row wpb_row vc_row-fluid eltd-section eltd-content-aligment-left eltd-parallax-section-holder eltd-parallax-section-holder-touch-disabled eltd-grid-section\" style=\"background-image:url(https:\/\/daphnejewellery.com\/wp-content\/uploads\/2015\/11\/parallax-about-us.jpg);min-height:407px;height:auto;\"><div class=\"eltd-parallax-section-inner\"><div class=\"clearfix eltd-section-inner\"><div class=\"eltd-section-inner-margin clearfix\"><div class=\"wpb_column vc_column_container vc_col-sm-12\"><div class=\"vc_column-inner\"><div class=\"wpb_wrapper\"><div class=\"vc_empty_space\"   style=\"height: 100px\"><span class=\"vc_empty_space_inner\"><\/span><\/div><div class=\"eltd-testimonials-holder clearfix\"><div class=\"eltd-testimonials\" ><div id=\"eltd-testimonials218\" class=\"eltd-testimonial-content eltd-testimonials-with-image\">\n\t\t\t<div class=\"eltd-testimonial-image-holder\">\n\t\t\t<img loading=\"lazy\" decoding=\"async\" width=\"174\" height=\"175\" src=\"https:\/\/daphnejewellery.com\/wp-content\/uploads\/2015\/10\/testimonial-image1.jpg\" class=\"attachment-218 size-218 wp-post-image\" alt=\"a\" srcset=\"https:\/\/daphnejewellery.com\/wp-content\/uploads\/2015\/10\/testimonial-image1.jpg 174w, https:\/\/daphnejewellery.com\/wp-content\/uploads\/2015\/10\/testimonial-image1-100x100.jpg 100w, https:\/\/daphnejewellery.com\/wp-content\/uploads\/2015\/10\/testimonial-image1-150x150.jpg 150w\" sizes=\"auto, (max-width: 174px) 100vw, 174px\" \/>\t\t<\/div>\n\t\t<div class=\"eltd-testimonial-content-inner\">\n\t\t<div class=\"eltd-testimonial-text-holder\">\n\t\t\t<div class=\"eltd-testimonial-icon-holder\">\n\t\t\t\t\n    <span class=\"eltd-icon-shortcode normal\"  >\n        \n        <span aria-hidden=\"true\" class=\"eltd-icon-font-elegant icon_quotations eltd-icon-element\" style=\"\" ><\/span>\n            <\/span>\n\n\t\t\t<\/div>\n\t\t\t<div class=\"eltd-testimonial-text-inner\">\n\t\t\t\t\t\t\t\t<p class=\"eltd-testimonial-text\">\u00dcr\u00fcnler ger\u00e7ekten \u00e7ok kaliteli ve hizmet \u00e7ok iyi.<\/p>\n\t\t\t\t\t\t\t\t\t<div class = \"eltd-testimonial-author\">\n\t\t\t\t\t\t<p class=\"eltd-testimonial-author-text\">M\u00fc\u015fteri\t\t\t\t\t\t\t\t\t\t\t\t\t\t\t- <a href=\"http:\/\/wwww.daphnejewellery.com%20en%20g\u00fcncel%20\u00fcr\u00fcnler\" target=\"_blank\" class=\"eltd-testimonials-website\">wwww.daphnejewellery.com en g\u00fcncel \u00fcr\u00fcnler<\/a>\n\t\t\t\t\t\t\t\t\t\t\t\t\t\t\t\t\t\t\t\t<\/p>\n\t\t\t\t\t<\/div>\n\t\t\t\t\t\t\t<\/div>\n\t\t<\/div>\n\t<\/div>\n<\/div><div id=\"eltd-testimonials251\" class=\"eltd-testimonial-content eltd-testimonials-with-image\">\n\t\t\t<div class=\"eltd-testimonial-image-holder\">\n\t\t\t<img loading=\"lazy\" decoding=\"async\" width=\"174\" height=\"175\" src=\"https:\/\/daphnejewellery.com\/wp-content\/uploads\/2015\/10\/testimonial-image2.jpg\" class=\"attachment-251 size-251 wp-post-image\" alt=\"a\" srcset=\"https:\/\/daphnejewellery.com\/wp-content\/uploads\/2015\/10\/testimonial-image2.jpg 174w, https:\/\/daphnejewellery.com\/wp-content\/uploads\/2015\/10\/testimonial-image2-100x100.jpg 100w, https:\/\/daphnejewellery.com\/wp-content\/uploads\/2015\/10\/testimonial-image2-150x150.jpg 150w\" sizes=\"auto, (max-width: 174px) 100vw, 174px\" \/>\t\t<\/div>\n\t\t<div class=\"eltd-testimonial-content-inner\">\n\t\t<div class=\"eltd-testimonial-text-holder\">\n\t\t\t<div class=\"eltd-testimonial-icon-holder\">\n\t\t\t\t\n    <span class=\"eltd-icon-shortcode normal\"  >\n        \n        <span aria-hidden=\"true\" class=\"eltd-icon-font-elegant icon_quotations eltd-icon-element\" style=\"\" ><\/span>\n            <\/span>\n\n\t\t\t<\/div>\n\t\t\t<div class=\"eltd-testimonial-text-inner\">\n\t\t\t\t\t\t\t\t<p class=\"eltd-testimonial-text\">Etsy \u00fczerinden ald\u0131\u011f\u0131m \u00fcr\u00fcnler ger\u00e7ekten \u00e7ok iyi kargo konusunda madur olmad\u0131m.<\/p>\n\t\t\t\t\t\t\t\t\t<div class = \"eltd-testimonial-author\">\n\t\t\t\t\t\t<p class=\"eltd-testimonial-author-text\">M\u00fc\u015fteri\t\t\t\t\t\t\t\t\t\t\t\t\t\t\t- <a href=\"\" target=\"_blank\" class=\"eltd-testimonials-website\">Mutlu \ud83d\ude42<\/a>\n\t\t\t\t\t\t\t\t\t\t\t\t\t\t\t\t\t\t\t\t<\/p>\n\t\t\t\t\t<\/div>\n\t\t\t\t\t\t\t<\/div>\n\t\t<\/div>\n\t<\/div>\n<\/div><\/div><\/div><div class=\"vc_empty_space\"   style=\"height: 72px\"><span class=\"vc_empty_space_inner\"><\/span><\/div><\/div><\/div><\/div><\/div><\/div><div class=\"eltd-row-svg-holder\"><div class=\"eltd-row-svg-holder-side\"><\/div><div class=\"eltd-row-svg-holder-middle\">\n<svg version=\"1.1\" id=\"Layer_280035032\" xmlns=\"http:\/\/www.w3.org\/2000\/svg\" xmlns:xlink=\"http:\/\/www.w3.org\/1999\/xlink\" x=\"0px\" y=\"0px\"\n\t width=\"80px\" height=\"32px\" viewbox=\"0 0 80 32\" enable-background=\"new 0 0 80 32\" xml:space=\"preserve\">\n<line fill=\"none\" x1=\"4.72\" y1=\"1.501\" x2=\"4.721\" y2=\"1.5\"\/>\n<path d=\"M7.9,2.613\"\/>\n<path fill=\"#FFFFFF\" d=\"M80,32V0.004h-0.082C79.892,0.004,79.864,0,79.835,0c-0.031,0-0.064,0.004-0.096,0.004h-0.211v0.01\tc-3.099,0.075-5.931,1.262-8.14,3.202l-27.21,25.19c-1.548,1.312-2.979,1.877-4.178,1.877c-1.197,0-2.626-0.562-4.168-1.867\tL8.611,3.217c-2.209-1.94-5.042-3.127-8.139-3.202v-0.01h-0.21C0.23,0.004,0.198,0,0.165,0C0.136,0,0.109,0.004,0.081,0.004H0V32H80\tz\"\/>\n<\/svg>\n<\/div><div class=\"eltd-row-svg-holder-side\"><\/div><\/div><\/div><\/div><div data-eltd-parallax-speed=\"1\" class=\"vc_row wpb_row vc_row-fluid eltd-section eltd-content-aligment-center eltd-grid-section\" style=\"\"><div class=\"clearfix eltd-section-inner\"><div class=\"eltd-section-inner-margin clearfix\"><div class=\"wpb_column vc_column_container vc_col-sm-12 vc_col-lg-offset-2 vc_col-lg-8\"><div class=\"vc_column-inner\"><div class=\"wpb_wrapper\"><div class=\"vc_empty_space\"   style=\"height: 22px\"><span class=\"vc_empty_space_inner\"><\/span><\/div><div class=\"eltd-section-title-outer-holder animate\" style=\"text-align: center\">\n\t<div class=\"eltd-section-title-subtitle-holder\">\n\t\t<h3 class=\"eltd-section-subtitle\" style=\";\">Size<\/h3>\n\t<\/div>\n\t<div class=\"eltd-section-title-holder\">\n\t\t<h2 class=\"eltd-section-title\" style=\";\">\u00d6zel Dokunu\u015flar<\/h2>\n\t<\/div>\n<\/div><div class=\"vc_empty_space\"   style=\"height: 10px\"><span class=\"vc_empty_space_inner\"><\/span><\/div>\n\t<div class=\"wpb_text_column wpb_content_element\" >\n\t\t<div class=\"wpb_wrapper\">\n\t\t\t<p>Koleksiyonlar\u0131m\u0131zda yer alan mevcut tasar\u0131mlarda m\u00fc\u015fterilerimizin isteklerine g\u00f6re k\u00fc\u00e7\u00fck  de\u011fi\u015fiklikler yapmay\u0131 seviyoruz.<\/p>\n\n\t\t<\/div>\n\t<\/div>\n<div class=\"vc_empty_space\"   style=\"height: 25px\"><span class=\"vc_empty_space_inner\"><\/span><\/div><\/div><\/div><\/div><\/div><\/div><\/div><div data-eltd-parallax-speed=\"1\" class=\"vc_row wpb_row vc_row-fluid eltd-section eltd-content-aligment-left eltd-grid-section\" style=\"\"><div class=\"clearfix eltd-section-inner\"><div class=\"eltd-section-inner-margin clearfix\"><div class=\"wpb_column vc_column_container vc_col-sm-12 vc_col-md-6\"><div class=\"vc_column-inner\"><div class=\"wpb_wrapper\"><div class=\"vc_empty_space\"   style=\"height: 10px\"><span class=\"vc_empty_space_inner\"><\/span><\/div>\n\t<div class=\"wpb_text_column wpb_content_element\" >\n\t\t<div class=\"wpb_wrapper\">\n\t\t\t<p>\u0130stediginiz her t\u00fcrl\u00fc \u00fcr\u00fcn\u00fc, genis koleksiyonlar\u0131m\u0131z icinde bulabilece\u011finize inan\u0131yoruz.<\/p>\n<p>Daphne Kuyumculuk \u00fcr\u00fcnlerini \u0130stanbul Kuyumcukent'teki Showroomumuzda ve www.daphnejewellery.com'da bulabilirsiniz.<\/p>\n\n\t\t<\/div>\n\t<\/div>\n<div class=\"eltd-section-title-outer-holder animate\" style=\"text-align: center\">\n\t<div class=\"eltd-section-title-subtitle-holder\">\n\t\t<h3 class=\"eltd-section-subtitle\" style=\";color: #ed802d\">Sevgiler Daphne Ekibi...<\/h3>\n\t<\/div>\n\t<div class=\"eltd-section-title-holder\">\n\t\t<h2 class=\"eltd-section-title\" style=\";color: #21a2d1\"><\/h2>\n\t<\/div>\n<\/div><div class=\"vc_empty_space\"   style=\"height: 32px\"><span class=\"vc_empty_space_inner\"><\/span><\/div><\/div><\/div><\/div><div class=\"wpb_column vc_column_container vc_col-sm-12 vc_col-md-6\"><div class=\"vc_column-inner\"><div class=\"wpb_wrapper\"><div class=\"eltd-progress-bar\">\n\t<h6 class=\"eltd-progress-title-holder clearfix\">\n\t\t<span class=\"eltd-progress-title\">Collections.<\/span>\n\t\t<span class=\"eltd-progress-number-wrapper eltd-floating eltd-floating-outside\" >\n\t\t\t<span class=\"eltd-progress-number\">\n\t\t\t\t<span class=\"eltd-percent\">0<\/span>\n\t\t\t<\/span>\n\t\t<\/span>\n\t<\/h6>\n\t<div class=\"eltd-progress-content-outer\" style=\"background-color: #c9a482\">\n\t\t<div data-percentage=\"67\" class=\"eltd-progress-content\" style=\"background-color: #000000\"><\/div>\n\t<\/div>\n<\/div>\t<div class=\"vc_empty_space\"   style=\"height: 7px\"><span class=\"vc_empty_space_inner\"><\/span><\/div><div class=\"eltd-progress-bar\">\n\t<h6 class=\"eltd-progress-title-holder clearfix\">\n\t\t<span class=\"eltd-progress-title\">Product line<\/span>\n\t\t<span class=\"eltd-progress-number-wrapper eltd-floating eltd-floating-outside\" >\n\t\t\t<span class=\"eltd-progress-number\">\n\t\t\t\t<span class=\"eltd-percent\">0<\/span>\n\t\t\t<\/span>\n\t\t<\/span>\n\t<\/h6>\n\t<div class=\"eltd-progress-content-outer\" style=\"background-color: #c9a482\">\n\t\t<div data-percentage=\"78\" class=\"eltd-progress-content\" style=\"background-color: #000000\"><\/div>\n\t<\/div>\n<\/div>\t<div class=\"vc_empty_space\"   style=\"height: 7px\"><span class=\"vc_empty_space_inner\"><\/span><\/div><div class=\"eltd-progress-bar\">\n\t<h6 class=\"eltd-progress-title-holder clearfix\">\n\t\t<span class=\"eltd-progress-title\">Size En Uygun<\/span>\n\t\t<span class=\"eltd-progress-number-wrapper eltd-floating eltd-floating-outside\" >\n\t\t\t<span class=\"eltd-progress-number\">\n\t\t\t\t<span class=\"eltd-percent\">0<\/span>\n\t\t\t<\/span>\n\t\t<\/span>\n\t<\/h6>\n\t<div class=\"eltd-progress-content-outer\" style=\"background-color: #c9a482\">\n\t\t<div data-percentage=\"90\" class=\"eltd-progress-content\" style=\"background-color: #000000\"><\/div>\n\t<\/div>\n<\/div>\t<div class=\"vc_empty_space\"   style=\"height: 32px\"><span class=\"vc_empty_space_inner\"><\/span><\/div><\/div><\/div><\/div><\/div><\/div><\/div><div data-eltd-parallax-speed=\"1\" class=\"vc_row wpb_row vc_row-fluid eltd-section eltd-content-aligment-left eltd-grid-section\" style=\"\"><div class=\"clearfix eltd-section-inner\"><div class=\"eltd-section-inner-margin clearfix\"><div class=\"wpb_column vc_column_container vc_col-sm-12\"><div class=\"vc_column-inner\"><div class=\"wpb_wrapper\"><div class=\"vc_empty_space\"   style=\"height: 10px\"><span class=\"vc_empty_space_inner\"><\/span><\/div>\n\t<div  class=\"wpb_single_image wpb_content_element vc_align_center\">\n\t\t\n\t\t<figure class=\"wpb_wrapper vc_figure\">\n\t\t\t<div class=\"vc_single_image-wrapper   vc_box_border_grey\"><\/div>\n\t\t<\/figure>\n\t<\/div>\n<div class=\"vc_empty_space\"   style=\"height: 50px\"><span class=\"vc_empty_space_inner\"><\/span><\/div><\/div><\/div><\/div><\/div><\/div><\/div>\n<\/section>","protected":false},"excerpt":{"rendered":"","protected":false},"author":1,"featured_media":0,"parent":195,"menu_order":0,"comment_status":"closed","ping_status":"closed","template":"full-width.php","meta":{"footnotes":""},"class_list":["post-1081","page","type-page","status-publish","hentry"],"_links":{"self":[{"href":"https:\/\/daphnejewellery.com\/tr\/wp-json\/wp\/v2\/pages\/1081","targetHints":{"allow":["GET"]}}],"collection":[{"href":"https:\/\/daphnejewellery.com\/tr\/wp-json\/wp\/v2\/pages"}],"about":[{"href":"https:\/\/daphnejewellery.com\/tr\/wp-json\/wp\/v2\/types\/page"}],"author":[{"embeddable":true,"href":"https:\/\/daphnejewellery.com\/tr\/wp-json\/wp\/v2\/users\/1"}],"replies":[{"embeddable":true,"href":"https:\/\/daphnejewellery.com\/tr\/wp-json\/wp\/v2\/comments?post=1081"}],"version-history":[{"count":17,"href":"https:\/\/daphnejewellery.com\/tr\/wp-json\/wp\/v2\/pages\/1081\/revisions"}],"predecessor-version":[{"id":4490,"href":"https:\/\/daphnejewellery.com\/tr\/wp-json\/wp\/v2\/pages\/1081\/revisions\/4490"}],"up":[{"embeddable":true,"href":"https:\/\/daphnejewellery.com\/tr\/wp-json\/wp\/v2\/pages\/195"}],"wp:attachment":[{"href":"https:\/\/daphnejewellery.com\/tr\/wp-json\/wp\/v2\/media?parent=1081"}],"curies":[{"name":"wp","href":"https:\/\/api.w.org\/{rel}","templated":true}]}}